{"id":23623,"date":"2024-01-12T23:41:41","date_gmt":"2024-01-12T21:41:41","guid":{"rendered":"https:\/\/mediumaquamarine-flamingo-502635.hostingersite.com\/?post_type=product&#038;p=23623"},"modified":"2024-01-12T23:44:09","modified_gmt":"2024-01-12T21:44:09","slug":"kashpo-image-o11sm","status":"publish","type":"product","link":"https:\/\/moltomobila.md\/ro\/produs\/kashpo-image-o11sm\/","title":{"rendered":"IMAGINE CACHEPOT \u00d811CM"},"content":{"rendered":"<p>Vaz\u0103 decorativ\u0103 din por\u021belan \u00een form\u0103 de cap de pudel de la marca Clayre &amp; Eef.<\/p>\n<p>\u0418\u0437\u044b\u0441\u043a\u0430\u043d\u043d\u044b\u0439 \u043a\u0430\u043c\u0435\u043d\u043d\u044b\u0439 \u0433\u043e\u0440\u0448\u043e\u043a \u0432 \u0444\u043e\u0440\u043c\u0435 \u0433\u043e\u043b\u043e\u0432\u044b \u043e\u0442 \u0431\u0440\u0435\u043d\u0434\u0430 Clayre &amp; Eef.<\/p>\n<p>Acest vas de flori lipsea cu siguran\u021b\u0103 de pe pervazul ferestrei \u0219i de pe masa din gr\u0103din\u0103. Cu o plant\u0103 sau o floare \u00een ea, acest vas creeaz\u0103 o atmosfer\u0103 colorat\u0103. Dar fii vigilent! Nu pune\u021bi acest vas de flori afar\u0103 c\u00e2nd plou\u0103 sau este ger, pentru c\u0103 atunci riscul de deteriorare este mare. Pune flori frumoase \u00eenflorite pe masa de pe teras\u0103 vara \u0219i o plant\u0103 de interior iarna pentru a-\u021bi \u00eembun\u0103t\u0103\u021bi starea de spirit. Pute\u021bi combina acest ghiveci de flori cu alte ghivece de flori din aceea\u0219i serie sau din acela\u0219i stil.<\/p>","protected":false},"excerpt":{"rendered":"<p>\u0414\u0435\u043a\u043e\u0440\u0430\u0442\u0438\u0432\u043d\u044b\u0439 \u0432\u0430\u0437\u043e\u043d \u0438\u0437 \u0444\u0430\u0440\u0444\u043e\u0440\u0430, \u0432 \u0444\u043e\u0440\u043c\u0435 \u0433\u043e\u043b\u043e\u0432\u044b \u043f\u0443\u0434\u0435\u043b\u044f \u043e\u0442 \u0431\u0440\u0435\u043d\u0434\u0430 Clayre &amp; Eef. \u0418\u0437\u044b\u0441\u043a\u0430\u043d\u043d\u044b\u0439 \u043a\u0430\u043c\u0435\u043d\u043d\u044b\u0439 \u0433\u043e\u0440\u0448\u043e\u043a \u0432 \u0444\u043e\u0440\u043c\u0435 \u0433\u043e\u043b\u043e\u0432\u044b \u043e\u0442<\/p>","protected":false},"featured_media":23624,"template":"","meta":{"_themeisle_gutenberg_block_has_review":false},"product_brand":[],"product_cat":[132,211],"product_tag":[],"class_list":{"0":"post-23623","1":"product","2":"type-product","3":"status-publish","4":"has-post-thumbnail","6":"product_cat-dekor","7":"product_cat-statuetki","9":"first","10":"instock","11":"shipping-taxable","12":"purchasable","13":"product-type-simple"},"_links":{"self":[{"href":"https:\/\/moltomobila.md\/ro\/wp-json\/wp\/v2\/product\/23623","targetHints":{"allow":["GET"]}}],"collection":[{"href":"https:\/\/moltomobila.md\/ro\/wp-json\/wp\/v2\/product"}],"about":[{"href":"https:\/\/moltomobila.md\/ro\/wp-json\/wp\/v2\/types\/product"}],"version-history":[{"count":0,"href":"https:\/\/moltomobila.md\/ro\/wp-json\/wp\/v2\/product\/23623\/revisions"}],"wp:featuredmedia":[{"embeddable":true,"href":"https:\/\/moltomobila.md\/ro\/wp-json\/wp\/v2\/media\/23624"}],"wp:attachment":[{"href":"https:\/\/moltomobila.md\/ro\/wp-json\/wp\/v2\/media?parent=23623"}],"wp:term":[{"taxonomy":"product_brand","embeddable":true,"href":"https:\/\/moltomobila.md\/ro\/wp-json\/wp\/v2\/product_brand?post=23623"},{"taxonomy":"product_cat","embeddable":true,"href":"https:\/\/moltomobila.md\/ro\/wp-json\/wp\/v2\/product_cat?post=23623"},{"taxonomy":"product_tag","embeddable":true,"href":"https:\/\/moltomobila.md\/ro\/wp-json\/wp\/v2\/product_tag?post=23623"}],"curies":[{"name":"wp","href":"https:\/\/api.w.org\/{rel}","templated":true}]}}