{"id":23681,"date":"2024-01-12T23:51:39","date_gmt":"2024-01-12T21:51:39","guid":{"rendered":"https:\/\/mediumaquamarine-flamingo-502635.hostingersite.com\/?post_type=product&#038;p=23681"},"modified":"2024-02-14T12:04:30","modified_gmt":"2024-02-14T10:04:30","slug":"podstavka-dlya-knig-skull-antique","status":"publish","type":"product","link":"https:\/\/moltomobila.md\/ro\/produs\/podstavka-dlya-knig-skull-antique\/","title":{"rendered":"CRANIU ANTIC STAND DE CARTE"},"content":{"rendered":"<p>Face\u021bi o mini-bibliotec\u0103 personal\u0103 dintr-un teanc de c\u0103r\u021bi. Designul sub form\u0103 de coaster este un obiect decorativ atemporal pentru iubitorii de interioare provocatoare, pietruite.<\/p>","protected":false},"excerpt":{"rendered":"<p>Face\u021bi o mini-bibliotec\u0103 personal\u0103 dintr-un teanc de c\u0103r\u021bi. Designul sub form\u0103 de coaster este un obiect decorativ atemporal pentru iubitorii de interioare provocatoare, pietruite.<\/p>","protected":false},"featured_media":23682,"template":"","meta":{"_themeisle_gutenberg_block_has_review":false},"product_brand":[],"product_cat":[125,132,126,211],"product_tag":[],"class_list":{"0":"post-23681","1":"product","2":"type-product","3":"status-publish","4":"has-post-thumbnail","6":"product_cat-gostinaya","7":"product_cat-dekor","8":"product_cat-spalnya","9":"product_cat-statuetki","11":"first","12":"instock","13":"shipping-taxable","14":"purchasable","15":"product-type-simple"},"_links":{"self":[{"href":"https:\/\/moltomobila.md\/ro\/wp-json\/wp\/v2\/product\/23681","targetHints":{"allow":["GET"]}}],"collection":[{"href":"https:\/\/moltomobila.md\/ro\/wp-json\/wp\/v2\/product"}],"about":[{"href":"https:\/\/moltomobila.md\/ro\/wp-json\/wp\/v2\/types\/product"}],"version-history":[{"count":1,"href":"https:\/\/moltomobila.md\/ro\/wp-json\/wp\/v2\/product\/23681\/revisions"}],"predecessor-version":[{"id":65361,"href":"https:\/\/moltomobila.md\/ro\/wp-json\/wp\/v2\/product\/23681\/revisions\/65361"}],"wp:featuredmedia":[{"embeddable":true,"href":"https:\/\/moltomobila.md\/ro\/wp-json\/wp\/v2\/media\/23682"}],"wp:attachment":[{"href":"https:\/\/moltomobila.md\/ro\/wp-json\/wp\/v2\/media?parent=23681"}],"wp:term":[{"taxonomy":"product_brand","embeddable":true,"href":"https:\/\/moltomobila.md\/ro\/wp-json\/wp\/v2\/product_brand?post=23681"},{"taxonomy":"product_cat","embeddable":true,"href":"https:\/\/moltomobila.md\/ro\/wp-json\/wp\/v2\/product_cat?post=23681"},{"taxonomy":"product_tag","embeddable":true,"href":"https:\/\/moltomobila.md\/ro\/wp-json\/wp\/v2\/product_tag?post=23681"}],"curies":[{"name":"wp","href":"https:\/\/api.w.org\/{rel}","templated":true}]}}