{"id":23725,"date":"2024-01-13T01:05:35","date_gmt":"2024-01-12T23:05:35","guid":{"rendered":"https:\/\/mediumaquamarine-flamingo-502635.hostingersite.com\/?post_type=product&#038;p=23725"},"modified":"2024-02-14T12:02:41","modified_gmt":"2024-02-14T10:02:41","slug":"pepelnicza-spheric-gunmetal","status":"publish","type":"product","link":"https:\/\/moltomobila.md\/ro\/produs\/pepelnicza-spheric-gunmetal\/","title":{"rendered":"SCRUMIER\u0102 SFERIC\u0102 GUNMETAL"},"content":{"rendered":"<p>Aceast\u0103 scrumier\u0103 arat\u0103 absolut chic - designul suprafe\u021bei lucioase \u0219i designul sub\u021bire fac din scrumiera Spheric o adev\u0103rat\u0103 bijuterie. Resturile de \u021bigar\u0103 sunt ascunse \u00een siguran\u021b\u0103 \u00een interiorul bilei, f\u0103c\u00e2nd scrumiera un companion de \u00eencredere chiar \u0219i \u00een condi\u021bii de v\u00e2nt puternic.<\/p>","protected":false},"excerpt":{"rendered":"<p>\u0414\u0430\u043d\u043d\u0430\u044f \u043f\u0435\u043f\u0435\u043b\u044c\u043d\u0438\u0446\u0430 \u0432\u044b\u0433\u043b\u044f\u0434\u0438\u0442 \u0430\u0431\u0441\u043e\u043b\u044e\u0442\u043d\u043e \u0448\u0438\u043a\u0430\u0440\u043d\u043e &#8212; \u0433\u043b\u044f\u043d\u0446\u0435\u0432\u044b\u0439 \u0434\u0438\u0437\u0430\u0439\u043d \u043f\u043e\u0432\u0435\u0440\u0445\u043d\u043e\u0441\u0442\u0438 \u0438 \u0441\u0442\u0440\u043e\u0439\u043d\u044b\u0439 \u0434\u0438\u0437\u0430\u0439\u043d \u0434\u0435\u043b\u0430\u044e\u0442 \u043f\u0435\u043f\u0435\u043b\u044c\u043d\u0438\u0446\u0443 Spheric \u043d\u0430\u0441\u0442\u043e\u044f\u0449\u0438\u043c \u0443\u043a\u0440\u0430\u0448\u0435\u043d\u0438\u0435\u043c. \u041e\u0441\u0442\u0430\u0442\u043a\u0438 \u0441\u0438\u0433\u0430\u0440\u0435\u0442\u044b \u043d\u0430\u0434\u0435\u0436\u043d\u043e<\/p>","protected":false},"featured_media":23726,"template":"","meta":{"_themeisle_gutenberg_block_has_review":false},"product_brand":[],"product_cat":[131,132,211],"product_tag":[],"class_list":{"0":"post-23725","1":"product","2":"type-product","3":"status-publish","4":"has-post-thumbnail","6":"product_cat-balkon-terassa","7":"product_cat-dekor","8":"product_cat-statuetki","10":"first","11":"instock","12":"shipping-taxable","13":"purchasable","14":"product-type-simple"},"_links":{"self":[{"href":"https:\/\/moltomobila.md\/ro\/wp-json\/wp\/v2\/product\/23725","targetHints":{"allow":["GET"]}}],"collection":[{"href":"https:\/\/moltomobila.md\/ro\/wp-json\/wp\/v2\/product"}],"about":[{"href":"https:\/\/moltomobila.md\/ro\/wp-json\/wp\/v2\/types\/product"}],"version-history":[{"count":1,"href":"https:\/\/moltomobila.md\/ro\/wp-json\/wp\/v2\/product\/23725\/revisions"}],"predecessor-version":[{"id":65359,"href":"https:\/\/moltomobila.md\/ro\/wp-json\/wp\/v2\/product\/23725\/revisions\/65359"}],"wp:featuredmedia":[{"embeddable":true,"href":"https:\/\/moltomobila.md\/ro\/wp-json\/wp\/v2\/media\/23726"}],"wp:attachment":[{"href":"https:\/\/moltomobila.md\/ro\/wp-json\/wp\/v2\/media?parent=23725"}],"wp:term":[{"taxonomy":"product_brand","embeddable":true,"href":"https:\/\/moltomobila.md\/ro\/wp-json\/wp\/v2\/product_brand?post=23725"},{"taxonomy":"product_cat","embeddable":true,"href":"https:\/\/moltomobila.md\/ro\/wp-json\/wp\/v2\/product_cat?post=23725"},{"taxonomy":"product_tag","embeddable":true,"href":"https:\/\/moltomobila.md\/ro\/wp-json\/wp\/v2\/product_tag?post=23725"}],"curies":[{"name":"wp","href":"https:\/\/api.w.org\/{rel}","templated":true}]}}