{"id":24753,"date":"2024-01-17T14:37:37","date_gmt":"2024-01-17T12:37:37","guid":{"rendered":"https:\/\/mediumaquamarine-flamingo-502635.hostingersite.com\/?post_type=product&#038;p=24753"},"modified":"2024-01-18T20:16:25","modified_gmt":"2024-01-18T18:16:25","slug":"autumn-cream-2","status":"publish","type":"product","link":"https:\/\/moltomobila.md\/ro\/produs\/autumn-cream-2\/","title":{"rendered":"CREM\u0102 DE TOAMN\u0102"},"content":{"rendered":"<p>Placaj de piatr\u0103 realizat din ardezie. Pre\u021b per foaie.<\/p>\n<p>Ardezie natural\u0103, suport compozit, suport compozit.<\/p>\n<p>&nbsp;<\/p>","protected":false},"excerpt":{"rendered":"<p>\u041a\u0430\u043c\u0435\u043d\u043d\u044b\u0439 \u0448\u043f\u043e\u043d \u0438\u0437 \u0441\u043b\u0430\u043d\u0446\u0430. \u0426\u0435\u043d\u0430 \u0437\u0430 \u043b\u0438\u0441\u0442. \u041d\u0430\u0442\u0443\u0440\u0430\u043b\u044c\u043d\u044b\u0439 \u0441\u043b\u0430\u043d\u0435\u0446, \u043a\u043e\u043c\u043f\u043e\u0437\u0438\u0442\u043d\u0430\u044f \u043f\u043e\u0434\u043b\u043e\u0436\u043a\u0430, \u043a\u043e\u043c\u043f\u043e\u0437\u0438\u0442\u043d\u0430\u044f \u043f\u043e\u0434\u043b\u043e\u0436\u043a\u0430. &nbsp;<\/p>","protected":false},"featured_media":25615,"template":"","meta":{"_themeisle_gutenberg_block_has_review":false},"product_brand":[],"product_cat":[200,236,199],"product_tag":[],"class_list":{"0":"post-24753","1":"product","2":"type-product","3":"status-publish","4":"has-post-thumbnail","6":"product_cat-kamennyj-shpon","7":"product_cat-kamennyj-shpon-2440h1220","8":"product_cat-paneli","10":"first","11":"instock","12":"shipping-taxable","13":"purchasable","14":"product-type-simple"},"_links":{"self":[{"href":"https:\/\/moltomobila.md\/ro\/wp-json\/wp\/v2\/product\/24753","targetHints":{"allow":["GET"]}}],"collection":[{"href":"https:\/\/moltomobila.md\/ro\/wp-json\/wp\/v2\/product"}],"about":[{"href":"https:\/\/moltomobila.md\/ro\/wp-json\/wp\/v2\/types\/product"}],"version-history":[{"count":1,"href":"https:\/\/moltomobila.md\/ro\/wp-json\/wp\/v2\/product\/24753\/revisions"}],"predecessor-version":[{"id":24754,"href":"https:\/\/moltomobila.md\/ro\/wp-json\/wp\/v2\/product\/24753\/revisions\/24754"}],"wp:featuredmedia":[{"embeddable":true,"href":"https:\/\/moltomobila.md\/ro\/wp-json\/wp\/v2\/media\/25615"}],"wp:attachment":[{"href":"https:\/\/moltomobila.md\/ro\/wp-json\/wp\/v2\/media?parent=24753"}],"wp:term":[{"taxonomy":"product_brand","embeddable":true,"href":"https:\/\/moltomobila.md\/ro\/wp-json\/wp\/v2\/product_brand?post=24753"},{"taxonomy":"product_cat","embeddable":true,"href":"https:\/\/moltomobila.md\/ro\/wp-json\/wp\/v2\/product_cat?post=24753"},{"taxonomy":"product_tag","embeddable":true,"href":"https:\/\/moltomobila.md\/ro\/wp-json\/wp\/v2\/product_tag?post=24753"}],"curies":[{"name":"wp","href":"https:\/\/api.w.org\/{rel}","templated":true}]}}