{"id":27552,"date":"2024-02-02T13:59:22","date_gmt":"2024-02-02T11:59:22","guid":{"rendered":"https:\/\/mediumaquamarine-flamingo-502635.hostingersite.com\/?post_type=product&#038;p=27552"},"modified":"2024-04-16T11:05:35","modified_gmt":"2024-04-16T09:05:35","slug":"matras-saltea-pocket-spring","status":"publish","type":"product","link":"https:\/\/moltomobila.md\/ro\/produs\/matras-saltea-pocket-spring\/","title":{"rendered":"SALTEA SALTEA CU ARC DE BUZUNAR"},"content":{"rendered":"<p>Saltelele Pocket Spring sunt produse inovatoare recomandate tuturor celor care doresc s\u0103 aib\u0103 mai mult confort \u00een timpul somnului. Tehnologia saltelei POCKET-SPRING confer\u0103 saltelei o rezisten\u021b\u0103 \u0219i o durabilitate mai mare, are propriet\u0103\u021bi ergonomice, fiind \u00een acela\u0219i timp foarte flexibil\u0103 \u0219i confortabil\u0103. Ambele p\u0103r\u021bi ale saltelei au caracteristici de izolare termic\u0103 \u0219i pot fi folosite perfect at\u00e2t iarna, c\u00e2t \u0219i vara. Arcurile cu un diametru mic de 56 mm \u0219i grosimi de 1,8 mm \u0219i respectiv 2,2 mm, conectate \u00eentre ele prin \u021bes\u0103tur\u0103, au un efect individual asupra corpului, men\u021bin\u00e2nd pozi\u021bia corect\u0103 a coloanei vertebrale \/ \u00eentregului corp pe toat\u0103 durata somnului.<br \/>\nArcurile sunt montate \u00een pachete separate. Salteaua este acoperit\u0103 cu \u021bes\u0103tur\u0103 Visco, cu o saltea din poliester cu dou\u0103 fe\u021be cu umplutur\u0103 moale cu batelin 300 g \/ m2, T.N.T. 15 g \/ m2 \u0219i spum\u0103 poliuretanic\u0103 HR3638.<br \/>\nSalteaua este ventilat\u0103 prin intermediul unei benzi de ventila\u021bie pe partea lateral\u0103 a saltelei. Aceast\u0103 saltea are propriet\u0103\u021bile ergonomice \u0219i sanitare ale saltelelor super ortopedice (tip BONELL), ofer\u0103 o senza\u021bie de confort datorit\u0103 tehnologiei utilizate.<\/p>\n<p>\u00cen\u0103l\u021bimea saltelei: 24 cm<\/p>\n<p>Garan\u021bie: 4 ani<\/p>","protected":false},"excerpt":{"rendered":"<p>\u041c\u0430\u0442\u0440\u0430\u0441\u044b Pocket Spring \u2014 \u044d\u0442\u043e \u0438\u043d\u043d\u043e\u0432\u0430\u0446\u0438\u043e\u043d\u043d\u044b\u0435 \u043f\u0440\u043e\u0434\u0443\u043a\u0442, \u0440\u0435\u043a\u043e\u043c\u0435\u043d\u0434\u0443\u0435\u043c\u044b\u0439 \u0432\u0441\u0435\u043c, \u043a\u0442\u043e \u0445\u043e\u0447\u0435\u0442 \u0438\u043c\u0435\u0442\u044c \u0431\u043e\u043b\u044c\u0448\u0438\u0439 \u043a\u043e\u043c\u0444\u043e\u0440\u0442 \u0432\u043e \u0432\u0440\u0435\u043c\u044f \u0441\u043d\u0430. \u0422\u0435\u0445\u043d\u043e\u043b\u043e\u0433\u0438\u044f \u043f\u0440\u043e\u0438\u0437\u0432\u043e\u0434\u0441\u0442\u0432\u0430 \u043c\u0430\u0442\u0440\u0430\u0441\u043e\u0432<\/p>","protected":false},"featured_media":27575,"template":"","meta":{"_themeisle_gutenberg_block_has_review":false},"product_brand":[],"product_cat":[122,421,180,126],"product_tag":[],"class_list":{"0":"post-27552","1":"product","2":"type-product","3":"status-publish","4":"has-post-thumbnail","6":"product_cat-komnaty","7":"product_cat-matrasy","8":"product_cat-myagkaya-mebel","9":"product_cat-spalnya","11":"first","12":"instock","13":"shipping-taxable","14":"purchasable","15":"product-type-variable"},"_links":{"self":[{"href":"https:\/\/moltomobila.md\/ro\/wp-json\/wp\/v2\/product\/27552","targetHints":{"allow":["GET"]}}],"collection":[{"href":"https:\/\/moltomobila.md\/ro\/wp-json\/wp\/v2\/product"}],"about":[{"href":"https:\/\/moltomobila.md\/ro\/wp-json\/wp\/v2\/types\/product"}],"version-history":[{"count":1,"href":"https:\/\/moltomobila.md\/ro\/wp-json\/wp\/v2\/product\/27552\/revisions"}],"predecessor-version":[{"id":27583,"href":"https:\/\/moltomobila.md\/ro\/wp-json\/wp\/v2\/product\/27552\/revisions\/27583"}],"wp:featuredmedia":[{"embeddable":true,"href":"https:\/\/moltomobila.md\/ro\/wp-json\/wp\/v2\/media\/27575"}],"wp:attachment":[{"href":"https:\/\/moltomobila.md\/ro\/wp-json\/wp\/v2\/media?parent=27552"}],"wp:term":[{"taxonomy":"product_brand","embeddable":true,"href":"https:\/\/moltomobila.md\/ro\/wp-json\/wp\/v2\/product_brand?post=27552"},{"taxonomy":"product_cat","embeddable":true,"href":"https:\/\/moltomobila.md\/ro\/wp-json\/wp\/v2\/product_cat?post=27552"},{"taxonomy":"product_tag","embeddable":true,"href":"https:\/\/moltomobila.md\/ro\/wp-json\/wp\/v2\/product_tag?post=27552"}],"curies":[{"name":"wp","href":"https:\/\/api.w.org\/{rel}","templated":true}]}}