{"id":33191,"date":"2024-02-03T12:43:21","date_gmt":"2024-02-03T10:43:21","guid":{"rendered":"https:\/\/mediumaquamarine-flamingo-502635.hostingersite.com\/?post_type=product&#038;p=33191"},"modified":"2024-04-16T11:05:28","modified_gmt":"2024-04-16T09:05:28","slug":"matras-saltea-troia","status":"publish","type":"product","link":"https:\/\/moltomobila.md\/ro\/produs\/matras-saltea-troia\/","title":{"rendered":"SALTEA SALTEA TROIA"},"content":{"rendered":"<div class=\"flex-1 overflow-hidden\">\n<div class=\"react-scroll-to-bottom--css-jlfmv-79elbk h-full\">\n<div class=\"react-scroll-to-bottom--css-jlfmv-1n7m0yu\">\n<div class=\"flex flex-col pb-9 text-sm\">\n<div class=\"w-full text-token-text-primary\" data-testid=\"conversation-turn-7\">\n<div class=\"px-4 py-2 justify-center text-base md:gap-6 m-auto\">\n<div class=\"flex flex-1 text-base mx-auto gap-3 md:px-5 lg:px-1 xl:px-5 md:max-w-3xl lg:max-w-[40rem] xl:max-w-[48rem] group final-completion\">\n<div class=\"relative flex w-full flex-col lg:w-[calc(100%-115px)] agent-turn\">\n<div class=\"flex-col gap-1 md:gap-3\">\n<div class=\"flex flex-grow flex-col max-w-full\">\n<div class=\"min-h-[20px] text-message flex flex-col items-start gap-3 whitespace-pre-wrap break-words [.text-message+&amp;]:mt-5 overflow-x-auto\" data-message-author-role=\"assistant\" data-message-id=\"39fb4700-cf7d-4ec3-af9b-5f3679d6714d\">\n<div class=\"markdown prose w-full break-words dark:prose-invert dark\">\n<div class=\"flex-1 overflow-hidden\">\n<div class=\"react-scroll-to-bottom--css-jlfmv-79elbk h-full\">\n<div class=\"react-scroll-to-bottom--css-jlfmv-1n7m0yu\">\n<div class=\"flex flex-col pb-9 text-sm\">\n<div class=\"w-full text-token-text-primary\" data-testid=\"conversation-turn-11\">\n<div class=\"px-4 py-2 justify-center text-base md:gap-6 m-auto\">\n<div class=\"flex flex-1 text-base mx-auto gap-3 md:px-5 lg:px-1 xl:px-5 md:max-w-3xl lg:max-w-[40rem] xl:max-w-[48rem] group final-completion\">\n<div class=\"relative flex w-full flex-col lg:w-[calc(100%-115px)] agent-turn\">\n<div class=\"flex-col gap-1 md:gap-3\">\n<div class=\"flex flex-grow flex-col max-w-full\">\n<div class=\"min-h-[20px] text-message flex flex-col items-start gap-3 whitespace-pre-wrap break-words [.text-message+&amp;]:mt-5 overflow-x-auto\" data-message-author-role=\"assistant\" data-message-id=\"ad227eea-0ea5-4916-9794-a1ff743f1676\">\n<div class=\"markdown prose w-full break-words dark:prose-invert dark\">\n<p>P\u0103rul de cal deschide calea \u00eentr-o varietate de aplica\u021bii, \u00een special \u00een umplutura saltelelor. Aceast\u0103 fibr\u0103 natural\u0103 este ondulat\u0103 cu abur pentru a oferi materialului elasticitate \u0219i flexibilitate de lung\u0103 durat\u0103. Fibrele au o capacitate ridicat\u0103 de a absorbi \u0219i de a elibera umezeala, oferind un mediu de dormit uscat \u0219i cald \u00een mod constant. Fibrele ondulate de p\u0103r de cal ac\u021bioneaz\u0103 ca un arc, conferind saltelei flexibilitate \u0219i moliciune. Ele sunt foarte higroscopice, ceea ce \u00eenseamn\u0103 c\u0103 absorb umiditatea eliberat\u0103 de corp \u00een timpul somnului \u0219i o elibereaz\u0103 \u00een camer\u0103 \u00een timpul zilei, c\u00e2nd aerul este mai uscat.<\/p>\n<p>Structura tehnic\u0103:<\/p>\n<ol>\n<li>Strat dublu de \u021bes\u0103tur\u0103 Visco cu 300 g\/m2 \u0219i \u021bes\u0103tur\u0103 ne\u021besut\u0103 TNT de 15 g\/m2;<\/li>\n<li>Stratul de l\u00e2n\u0103 este gros de 1,5 cm \u0219i are o densitate de 250 g\/m2;<\/li>\n<li>Un strat gros de 1 cm de p\u0103r de cal din cauciuc cu o densitate de 80 kg\/m3;<\/li>\n<li>Plac\u0103 de poliuretan cu grosimea de 2,5 cm tip HR3638;<\/li>\n<li>Un strat de folie termofoil cu o densitate de 1100 g\/m2;<\/li>\n<li>Re\u021bea de arcuri \u00een pachete individuale cu un diametru mic de 56 mm;<\/li>\n<li>Un strat de folie termofoil cu o densitate de 1100 g\/m2;<\/li>\n<li>Plac\u0103 poliuretanic\u0103 cu grosimea de 3,5 cm tip HR3638;<\/li>\n<li>Strat dublu de \u021bes\u0103tur\u0103 Visco cu 300 g\/m2 de vat\u0103 \u0219i 15 g\/m2 de \u021bes\u0103tur\u0103 ne\u021besut\u0103 TNT.<\/li>\n<\/ol>\n<p>Grosimea saltelei: 25 cm<\/p>\n<p>Garan\u021bia saltelei: 12 luni<\/p>\n<\/div>\n<\/div>\n<\/div>\n<div class=\"mt-1 flex justify-start gap-3 empty:hidden\">\n<div class=\"text-gray-400 flex self-end lg:self-center justify-center lg:justify-start mt-0 -ml-1 visible\">\n<p>&nbsp;<\/p>\n<div class=\"flex\"><\/div>\n<div class=\"flex items-center gap-1.5 text-xs\"><\/div>\n<\/div>\n<\/div>\n<\/div>\n<div class=\"absolute\">\n<div class=\"flex w-full gap-2 items-center justify-center\"><\/div>\n<\/div>\n<\/div>\n<\/div>\n<\/div>\n<\/div>\n<\/div>\n<\/div>\n<\/div>\n<\/div>\n<div class=\"w-full pt-2 md:pt-0 dark:border-white\/20 md:border-transparent md:dark:border-transparent md:w-[calc(100%-.5rem)]\">\n<form class=\"stretch mx-2 flex flex-row gap-3 last:mb-2 md:mx-4 md:last:mb-6 lg:mx-auto lg:max-w-2xl xl:max-w-3xl\" action=\"\">\n<div class=\"relative flex h-full flex-1 items-stretch md:flex-col\">\n<div class=\"flex w-full items-center\"><\/div>\n<\/div>\n<input type=\"hidden\" name=\"trp-form-language\" value=\"ro\"\/><\/form>\n<\/div>\n<\/div>\n<\/div>\n<\/div>\n<div class=\"mt-1 flex justify-start gap-3 empty:hidden\">\n<div class=\"text-gray-400 flex self-end lg:self-center justify-center lg:justify-start mt-0 -ml-1 visible\">\n<p>&nbsp;<\/p>\n<div class=\"flex\"><\/div>\n<div class=\"flex items-center gap-1.5 text-xs\"><\/div>\n<\/div>\n<\/div>\n<\/div>\n<div class=\"absolute\">\n<div class=\"flex w-full gap-2 items-center justify-center\"><\/div>\n<\/div>\n<\/div>\n<\/div>\n<\/div>\n<\/div>\n<\/div>\n<\/div>\n<\/div>\n<\/div>\n<div class=\"w-full pt-2 md:pt-0 dark:border-white\/20 md:border-transparent md:dark:border-transparent md:w-[calc(100%-.5rem)]\">\n<form class=\"stretch mx-2 flex flex-row gap-3 last:mb-2 md:mx-4 md:last:mb-6 lg:mx-auto lg:max-w-2xl xl:max-w-3xl\" action=\"\">\n<div class=\"relative flex h-full flex-1 items-stretch md:flex-col\">\n<div class=\"flex w-full items-center\"><\/div>\n<\/div>\n<input type=\"hidden\" name=\"trp-form-language\" value=\"ro\"\/><\/form>\n<\/div>","protected":false},"excerpt":{"rendered":"<p>\u041a\u043e\u043d\u0441\u043a\u0438\u0435 \u0432\u043e\u043b\u043e\u0441\u044b \u0437\u0430\u043d\u0438\u043c\u0430\u044e\u0442 \u043b\u0438\u0434\u0438\u0440\u0443\u044e\u0449\u0435\u0435 \u043f\u043e\u043b\u043e\u0436\u0435\u043d\u0438\u0435 \u0432 \u0440\u0430\u0437\u043b\u0438\u0447\u043d\u044b\u0445 \u043e\u0431\u043b\u0430\u0441\u0442\u044f\u0445, \u043e\u0441\u043e\u0431\u0435\u043d\u043d\u043e \u0432 \u043d\u0430\u043f\u043e\u043b\u043d\u0435\u043d\u0438\u0438 \u043c\u0430\u0442\u0440\u0430\u0441\u043e\u0432. \u042d\u0442\u043e\u0442 \u043d\u0430\u0442\u0443\u0440\u0430\u043b\u044c\u043d\u044b\u0439 \u0432\u043e\u043b\u043e\u043a\u043d\u043e \u0432\u043e\u043b\u043d\u0443\u0435\u0442\u0441\u044f \u043f\u0430\u0440\u043e\u043c, \u0447\u0442\u043e\u0431\u044b \u043e\u0431\u0435\u0441\u043f\u0435\u0447\u0438\u0442\u044c \u043c\u0430\u0442\u0435\u0440\u0438\u0430\u043b\u0443<\/p>","protected":false},"featured_media":33214,"template":"","meta":{"_themeisle_gutenberg_block_has_review":false},"product_brand":[],"product_cat":[421,180,126],"product_tag":[],"class_list":{"0":"post-33191","1":"product","2":"type-product","3":"status-publish","4":"has-post-thumbnail","6":"product_cat-matrasy","7":"product_cat-myagkaya-mebel","8":"product_cat-spalnya","10":"first","11":"instock","12":"shipping-taxable","13":"purchasable","14":"product-type-variable"},"_links":{"self":[{"href":"https:\/\/moltomobila.md\/ro\/wp-json\/wp\/v2\/product\/33191","targetHints":{"allow":["GET"]}}],"collection":[{"href":"https:\/\/moltomobila.md\/ro\/wp-json\/wp\/v2\/product"}],"about":[{"href":"https:\/\/moltomobila.md\/ro\/wp-json\/wp\/v2\/types\/product"}],"version-history":[{"count":2,"href":"https:\/\/moltomobila.md\/ro\/wp-json\/wp\/v2\/product\/33191\/revisions"}],"predecessor-version":[{"id":69916,"href":"https:\/\/moltomobila.md\/ro\/wp-json\/wp\/v2\/product\/33191\/revisions\/69916"}],"wp:featuredmedia":[{"embeddable":true,"href":"https:\/\/moltomobila.md\/ro\/wp-json\/wp\/v2\/media\/33214"}],"wp:attachment":[{"href":"https:\/\/moltomobila.md\/ro\/wp-json\/wp\/v2\/media?parent=33191"}],"wp:term":[{"taxonomy":"product_brand","embeddable":true,"href":"https:\/\/moltomobila.md\/ro\/wp-json\/wp\/v2\/product_brand?post=33191"},{"taxonomy":"product_cat","embeddable":true,"href":"https:\/\/moltomobila.md\/ro\/wp-json\/wp\/v2\/product_cat?post=33191"},{"taxonomy":"product_tag","embeddable":true,"href":"https:\/\/moltomobila.md\/ro\/wp-json\/wp\/v2\/product_tag?post=33191"}],"curies":[{"name":"wp","href":"https:\/\/api.w.org\/{rel}","templated":true}]}}