{"id":61727,"date":"2024-02-10T13:24:11","date_gmt":"2024-02-10T11:24:11","guid":{"rendered":"https:\/\/mediumaquamarine-flamingo-502635.hostingersite.com\/?post_type=product&#038;p=61727"},"modified":"2024-02-13T14:27:20","modified_gmt":"2024-02-13T12:27:20","slug":"divan-pollock","status":"publish","type":"product","link":"https:\/\/moltomobila.md\/ro\/produs\/divan-pollock\/","title":{"rendered":"POLLOCK SOFA"},"content":{"rendered":"<p>Face\u021bi cuno\u0219tin\u021b\u0103 cu canapeaua de col\u021b Pollock, \u00eentruchiparea stilului modern \u0219i a luxului func\u021bional. Fiecare detaliu al acestei canapele a fost atent luat \u00een considerare pentru a crea un aspect unic, care ofer\u0103 spa\u021biului dvs. un aer elegant \u0219i sofisticat.<\/p>\n<p>Am ales doar cele mai bune materiale pentru Pollock pentru a asigura nu numai confort superior, ci \u0219i durabilitate. \u021aes\u0103tura exclusiv\u0103 utilizat\u0103 \u00een produc\u021bie are o textur\u0103 luxoas\u0103 \u0219i rezisten\u021b\u0103 la uzur\u0103, ceea ce garanteaz\u0103 \u0219i aspectul impecabil al canapelei pentru mul\u021bi ani.<\/p>\n<p>\u00abPollock\u00bb este disponibil \u00eentr-o varietate de culori \u0219i finisaje, permi\u021b\u00e2ndu-v\u0103 s\u0103 alege\u021bi op\u021biunea care se potrive\u0219te perfect stilului \u0219i preferin\u021belor dvs. Aceast\u0103 canapea nu numai c\u0103 va deveni o decora\u021biune confortabil\u0103 a interiorului dumneavoastr\u0103, dar v\u0103 va exprima \u0219i individualitatea \u0219i sim\u021bul stilului.<\/p>","protected":false},"excerpt":{"rendered":"<p>\u0412\u0441\u0442\u0440\u0435\u0447\u0430\u0439\u0442\u0435 \u0443\u0433\u043b\u043e\u0432\u043e\u0439 \u0434\u0438\u0432\u0430\u043d &#171;Pollock&#187; &#8212; \u0432\u043e\u043f\u043b\u043e\u0449\u0435\u043d\u0438\u0435 \u0441\u043e\u0432\u0440\u0435\u043c\u0435\u043d\u043d\u043e\u0433\u043e \u0441\u0442\u0438\u043b\u044f \u0438 \u0444\u0443\u043d\u043a\u0446\u0438\u043e\u043d\u0430\u043b\u044c\u043d\u043e\u0439 \u0440\u043e\u0441\u043a\u043e\u0448\u0438. \u041a\u0430\u0436\u0434\u0430\u044f \u0434\u0435\u0442\u0430\u043b\u044c \u044d\u0442\u043e\u0433\u043e \u0434\u0438\u0432\u0430\u043d\u0430 \u0431\u044b\u043b\u0430 \u0442\u0449\u0430\u0442\u0435\u043b\u044c\u043d\u043e \u043f\u0440\u043e\u0434\u0443\u043c\u0430\u043d\u0430, \u0447\u0442\u043e\u0431\u044b \u0441\u043e\u0437\u0434\u0430\u0442\u044c<\/p>","protected":false},"featured_media":61728,"template":"","meta":{"_themeisle_gutenberg_block_has_review":false},"product_brand":[],"product_cat":[125,183,180],"product_tag":[],"class_list":{"0":"post-61727","1":"product","2":"type-product","3":"status-publish","4":"has-post-thumbnail","6":"product_cat-gostinaya","7":"product_cat-divany","8":"product_cat-myagkaya-mebel","10":"first","11":"onbackorder","12":"shipping-taxable","13":"purchasable","14":"product-type-simple"},"_links":{"self":[{"href":"https:\/\/moltomobila.md\/ro\/wp-json\/wp\/v2\/product\/61727","targetHints":{"allow":["GET"]}}],"collection":[{"href":"https:\/\/moltomobila.md\/ro\/wp-json\/wp\/v2\/product"}],"about":[{"href":"https:\/\/moltomobila.md\/ro\/wp-json\/wp\/v2\/types\/product"}],"version-history":[{"count":2,"href":"https:\/\/moltomobila.md\/ro\/wp-json\/wp\/v2\/product\/61727\/revisions"}],"predecessor-version":[{"id":61741,"href":"https:\/\/moltomobila.md\/ro\/wp-json\/wp\/v2\/product\/61727\/revisions\/61741"}],"wp:featuredmedia":[{"embeddable":true,"href":"https:\/\/moltomobila.md\/ro\/wp-json\/wp\/v2\/media\/61728"}],"wp:attachment":[{"href":"https:\/\/moltomobila.md\/ro\/wp-json\/wp\/v2\/media?parent=61727"}],"wp:term":[{"taxonomy":"product_brand","embeddable":true,"href":"https:\/\/moltomobila.md\/ro\/wp-json\/wp\/v2\/product_brand?post=61727"},{"taxonomy":"product_cat","embeddable":true,"href":"https:\/\/moltomobila.md\/ro\/wp-json\/wp\/v2\/product_cat?post=61727"},{"taxonomy":"product_tag","embeddable":true,"href":"https:\/\/moltomobila.md\/ro\/wp-json\/wp\/v2\/product_tag?post=61727"}],"curies":[{"name":"wp","href":"https:\/\/api.w.org\/{rel}","templated":true}]}}