{"id":61742,"date":"2024-02-10T13:27:41","date_gmt":"2024-02-10T11:27:41","guid":{"rendered":"https:\/\/mediumaquamarine-flamingo-502635.hostingersite.com\/?post_type=product&#038;p=61742"},"modified":"2024-02-13T14:29:12","modified_gmt":"2024-02-13T12:29:12","slug":"divan-matisse","status":"publish","type":"product","link":"https:\/\/moltomobila.md\/ro\/produs\/divan-matisse\/","title":{"rendered":"MATISSE SOFA"},"content":{"rendered":"<p>Unul dintre principalele beneficii ale canapelei noastre modulare este versatilitatea sa. Combin\u00e2nd stilul \u0219i caracterul practic, aceasta v\u0103 ofer\u0103 posibilitatea de a crea un design unic care s\u0103 se potriveasc\u0103 perfect cu stilul dvs. de via\u021b\u0103. Datorit\u0103 designului s\u0103u modular, pute\u021bi adapta cu u\u0219urin\u021b\u0103 canapeaua pentru a se potrivi oric\u0103rui spa\u021biu \u0219i oric\u0103rei nevoi.<\/p>\n<p>\u00cen plus, aceast\u0103 canapea garanteaz\u0103 confortul \u0219i confortul care sunt at\u00e2t de importante pentru casa dvs. Liniile sale elegante, pernele confortabile \u0219i tapi\u021beria moale realizat\u0103 din materiale de \u00eenalt\u0103 calitate creeaz\u0103 o atmosfer\u0103 de relaxare \u0219i confort. Aceast\u0103 canapea va fi locul perfect pentru relaxare dup\u0103 o zi lung\u0103 \u0219i centrul \u00eent\u00e2lnirilor de familie.<\/p>","protected":false},"excerpt":{"rendered":"<p>\u041e\u0434\u0438\u043d \u0438\u0437 \u043a\u043b\u044e\u0447\u0435\u0432\u044b\u0445 \u043f\u0440\u0435\u0438\u043c\u0443\u0449\u0435\u0441\u0442\u0432 \u043d\u0430\u0448\u0435\u0433\u043e \u043c\u043e\u0434\u0443\u043b\u044c\u043d\u043e\u0433\u043e \u0434\u0438\u0432\u0430\u043d\u0430 \u0437\u0430\u043a\u043b\u044e\u0447\u0430\u0435\u0442\u0441\u044f \u0432 \u0435\u0433\u043e \u0443\u043d\u0438\u0432\u0435\u0440\u0441\u0430\u043b\u044c\u043d\u043e\u0441\u0442\u0438. \u0421\u043e\u0447\u0435\u0442\u0430\u044f \u0432 \u0441\u0435\u0431\u0435 \u0441\u0442\u0438\u043b\u044c \u0438 \u043f\u0440\u0430\u043a\u0442\u0438\u0447\u043d\u043e\u0441\u0442\u044c, \u043e\u043d \u043f\u0440\u0435\u0434\u043e\u0441\u0442\u0430\u0432\u043b\u044f\u0435\u0442 \u0432\u0430\u043c<\/p>","protected":false},"featured_media":61743,"template":"","meta":{"_themeisle_gutenberg_block_has_review":false},"product_brand":[],"product_cat":[125,183,180],"product_tag":[],"class_list":{"0":"post-61742","1":"product","2":"type-product","3":"status-publish","4":"has-post-thumbnail","6":"product_cat-gostinaya","7":"product_cat-divany","8":"product_cat-myagkaya-mebel","10":"first","11":"onbackorder","12":"shipping-taxable","13":"purchasable","14":"product-type-simple"},"_links":{"self":[{"href":"https:\/\/moltomobila.md\/ro\/wp-json\/wp\/v2\/product\/61742","targetHints":{"allow":["GET"]}}],"collection":[{"href":"https:\/\/moltomobila.md\/ro\/wp-json\/wp\/v2\/product"}],"about":[{"href":"https:\/\/moltomobila.md\/ro\/wp-json\/wp\/v2\/types\/product"}],"version-history":[{"count":1,"href":"https:\/\/moltomobila.md\/ro\/wp-json\/wp\/v2\/product\/61742\/revisions"}],"predecessor-version":[{"id":61755,"href":"https:\/\/moltomobila.md\/ro\/wp-json\/wp\/v2\/product\/61742\/revisions\/61755"}],"wp:featuredmedia":[{"embeddable":true,"href":"https:\/\/moltomobila.md\/ro\/wp-json\/wp\/v2\/media\/61743"}],"wp:attachment":[{"href":"https:\/\/moltomobila.md\/ro\/wp-json\/wp\/v2\/media?parent=61742"}],"wp:term":[{"taxonomy":"product_brand","embeddable":true,"href":"https:\/\/moltomobila.md\/ro\/wp-json\/wp\/v2\/product_brand?post=61742"},{"taxonomy":"product_cat","embeddable":true,"href":"https:\/\/moltomobila.md\/ro\/wp-json\/wp\/v2\/product_cat?post=61742"},{"taxonomy":"product_tag","embeddable":true,"href":"https:\/\/moltomobila.md\/ro\/wp-json\/wp\/v2\/product_tag?post=61742"}],"curies":[{"name":"wp","href":"https:\/\/api.w.org\/{rel}","templated":true}]}}