{"id":62302,"date":"2024-02-11T12:05:50","date_gmt":"2024-02-11T10:05:50","guid":{"rendered":"https:\/\/mediumaquamarine-flamingo-502635.hostingersite.com\/?post_type=product&#038;p=62302"},"modified":"2024-02-13T14:34:52","modified_gmt":"2024-02-13T12:34:52","slug":"divan-miro","status":"publish","type":"product","link":"https:\/\/moltomobila.md\/ro\/produs\/divan-miro\/","title":{"rendered":"SOFA MIRO"},"content":{"rendered":"<p>Canapeaua noastr\u0103 modular\u0103 nu este doar o pies\u0103 de mobilier, ci cheia pentru crearea unui interior unic, cu rafinament \u0219i stil. Datorit\u0103 designului s\u0103u elegant \u0219i a posibilit\u0103\u021bii de a combina modulele, v\u0103 pute\u021bi pune \u00een aplicare cele mai \u00eendr\u0103zne\u021be idei, cre\u00e2nd un spa\u021biu confortabil f\u0103r\u0103 elemente decorative inutile.<\/p>","protected":false},"excerpt":{"rendered":"<p>\u041d\u0430\u0448 \u043c\u043e\u0434\u0443\u043b\u044c\u043d\u044b\u0439 \u0434\u0438\u0432\u0430\u043d &#8212; \u044d\u0442\u043e \u043d\u0435 \u043f\u0440\u043e\u0441\u0442\u043e \u043c\u0435\u0431\u0435\u043b\u044c\u043d\u044b\u0439 \u043f\u0440\u0435\u0434\u043c\u0435\u0442, \u0430 \u043a\u043b\u044e\u0447 \u043a \u0441\u043e\u0437\u0434\u0430\u043d\u0438\u044e \u0443\u043d\u0438\u043a\u0430\u043b\u044c\u043d\u043e\u0433\u043e \u0438\u043d\u0442\u0435\u0440\u044c\u0435\u0440\u0430 \u0441 \u0438\u0437\u044b\u0441\u043a\u043e\u043c \u0438 \u0441\u0442\u0438\u043b\u0435\u043c. \u0411\u043b\u0430\u0433\u043e\u0434\u0430\u0440\u044f<\/p>","protected":false},"featured_media":62303,"template":"","meta":{"_themeisle_gutenberg_block_has_review":false},"product_brand":[],"product_cat":[125,183,180],"product_tag":[],"class_list":{"0":"post-62302","1":"product","2":"type-product","3":"status-publish","4":"has-post-thumbnail","6":"product_cat-gostinaya","7":"product_cat-divany","8":"product_cat-myagkaya-mebel","10":"first","11":"onbackorder","12":"shipping-taxable","13":"purchasable","14":"product-type-simple"},"_links":{"self":[{"href":"https:\/\/moltomobila.md\/ro\/wp-json\/wp\/v2\/product\/62302","targetHints":{"allow":["GET"]}}],"collection":[{"href":"https:\/\/moltomobila.md\/ro\/wp-json\/wp\/v2\/product"}],"about":[{"href":"https:\/\/moltomobila.md\/ro\/wp-json\/wp\/v2\/types\/product"}],"version-history":[{"count":1,"href":"https:\/\/moltomobila.md\/ro\/wp-json\/wp\/v2\/product\/62302\/revisions"}],"predecessor-version":[{"id":62315,"href":"https:\/\/moltomobila.md\/ro\/wp-json\/wp\/v2\/product\/62302\/revisions\/62315"}],"wp:featuredmedia":[{"embeddable":true,"href":"https:\/\/moltomobila.md\/ro\/wp-json\/wp\/v2\/media\/62303"}],"wp:attachment":[{"href":"https:\/\/moltomobila.md\/ro\/wp-json\/wp\/v2\/media?parent=62302"}],"wp:term":[{"taxonomy":"product_brand","embeddable":true,"href":"https:\/\/moltomobila.md\/ro\/wp-json\/wp\/v2\/product_brand?post=62302"},{"taxonomy":"product_cat","embeddable":true,"href":"https:\/\/moltomobila.md\/ro\/wp-json\/wp\/v2\/product_cat?post=62302"},{"taxonomy":"product_tag","embeddable":true,"href":"https:\/\/moltomobila.md\/ro\/wp-json\/wp\/v2\/product_tag?post=62302"}],"curies":[{"name":"wp","href":"https:\/\/api.w.org\/{rel}","templated":true}]}}