{"id":67513,"date":"2024-03-24T12:13:26","date_gmt":"2024-03-24T10:13:26","guid":{"rendered":"https:\/\/mediumaquamarine-flamingo-502635.hostingersite.com\/?post_type=product&#038;p=67513"},"modified":"2024-05-15T12:24:03","modified_gmt":"2024-05-15T10:24:03","slug":"podves-led-elision-l120","status":"publish","type":"product","link":"https:\/\/moltomobila.md\/ro\/produs\/podves-led-elision-l120\/","title":{"rendered":"PANDANTIV LED ELISION L120"},"content":{"rendered":"<p>Designer LED Elision pandantiv - const\u0103 dintr-un corset de aur, care este \u00eenf\u0103\u0219urat cu un fir de silicon frumos. O combina\u021bie neobi\u0219nuit\u0103 care arat\u0103 foarte stilat\u0103 \u0219i elegant\u0103! Designul dvs. va fi fermec\u0103tor prin ad\u0103ugarea unui astfel de corp de iluminat la el.<\/p>","protected":false},"excerpt":{"rendered":"<p>\u0414\u0438\u0437\u0430\u0439\u043d\u0435\u0440\u0441\u043a\u0438\u0439 \u043f\u043e\u0434\u0432\u0435\u0441 LED Elision &#8212; \u0441\u043e\u0441\u0442\u043e\u0438\u0442 \u0438\u0437 \u0437\u043e\u043b\u043e\u0442\u0438\u0441\u0442\u043e\u0433\u043e \u043a\u043e\u0440\u0441\u0435\u0442\u0430, \u043a\u043e\u0442\u043e\u0440\u044b\u0439 \u043e\u0431\u0432\u0438\u0442 \u043a\u0440\u0430\u0441\u0438\u0432\u043e\u0439 \u0441\u0438\u043b\u0438\u043a\u043e\u043d\u043e\u0432\u043e\u0439 \u043d\u0438\u0442\u044c\u044e. \u041d\u0435\u043e\u0431\u044b\u0447\u043d\u043e\u0435 \u0441\u043e\u0447\u0435\u0442\u0430\u043d\u0438\u0435, \u043a\u043e\u0442\u043e\u0440\u043e\u0435 \u0432\u044b\u0433\u043b\u044f\u0434\u0438\u0442 \u043e\u0447\u0435\u043d\u044c \u0441\u0442\u0438\u043b\u044c\u043d\u043e<\/p>","protected":false},"featured_media":67514,"template":"","meta":{"_themeisle_gutenberg_block_has_review":false},"product_brand":[],"product_cat":[125,123,90,124,81,91],"product_tag":[],"class_list":{"0":"post-67513","1":"product","2":"type-product","3":"status-publish","4":"has-post-thumbnail","6":"product_cat-gostinaya","7":"product_cat-kuhnya","8":"product_cat-lyustry","9":"product_cat-stolovaya","10":"product_cat-osveshhenie","11":"product_cat-podvesy","13":"first","14":"instock","15":"featured","16":"shipping-taxable","17":"purchasable","18":"product-type-simple"},"_links":{"self":[{"href":"https:\/\/moltomobila.md\/ro\/wp-json\/wp\/v2\/product\/67513","targetHints":{"allow":["GET"]}}],"collection":[{"href":"https:\/\/moltomobila.md\/ro\/wp-json\/wp\/v2\/product"}],"about":[{"href":"https:\/\/moltomobila.md\/ro\/wp-json\/wp\/v2\/types\/product"}],"version-history":[{"count":1,"href":"https:\/\/moltomobila.md\/ro\/wp-json\/wp\/v2\/product\/67513\/revisions"}],"predecessor-version":[{"id":67530,"href":"https:\/\/moltomobila.md\/ro\/wp-json\/wp\/v2\/product\/67513\/revisions\/67530"}],"wp:featuredmedia":[{"embeddable":true,"href":"https:\/\/moltomobila.md\/ro\/wp-json\/wp\/v2\/media\/67514"}],"wp:attachment":[{"href":"https:\/\/moltomobila.md\/ro\/wp-json\/wp\/v2\/media?parent=67513"}],"wp:term":[{"taxonomy":"product_brand","embeddable":true,"href":"https:\/\/moltomobila.md\/ro\/wp-json\/wp\/v2\/product_brand?post=67513"},{"taxonomy":"product_cat","embeddable":true,"href":"https:\/\/moltomobila.md\/ro\/wp-json\/wp\/v2\/product_cat?post=67513"},{"taxonomy":"product_tag","embeddable":true,"href":"https:\/\/moltomobila.md\/ro\/wp-json\/wp\/v2\/product_tag?post=67513"}],"curies":[{"name":"wp","href":"https:\/\/api.w.org\/{rel}","templated":true}]}}