{"id":75184,"date":"2024-04-09T21:54:44","date_gmt":"2024-04-09T19:54:44","guid":{"rendered":"https:\/\/mediumaquamarine-flamingo-502635.hostingersite.com\/?post_type=product&#038;p=75184"},"modified":"2026-03-22T16:05:50","modified_gmt":"2026-03-22T14:05:50","slug":"barnyj-stul-viena-kopirovat","status":"publish","type":"product","link":"https:\/\/moltomobila.md\/ro\/produs\/barnyj-stul-viena-kopirovat\/","title":{"rendered":"Taburet de bar MALTA LIGHT METAL"},"content":{"rendered":"<div data-elementor-type=\"product-post\" data-elementor-id=\"75184\" class=\"elementor elementor-75184\" data-elementor-post-type=\"product\">\n\t\t\t\t<div class=\"wd-negative-gap elementor-element elementor-element-4c4c92da e-flex e-con-boxed e-con e-parent\" data-id=\"4c4c92da\" data-element_type=\"container\" data-e-type=\"container\">\n\t\t\t\t\t<div class=\"e-con-inner\">\n\t\t\t\t<div class=\"elementor-element elementor-element-7c9ce7cd color-scheme-inherit text-left elementor-widget elementor-widget-text-editor\" data-id=\"7c9ce7cd\" data-element_type=\"widget\" data-e-type=\"widget\" data-widget_type=\"text-editor.default\">\n\t\t\t\t<div class=\"elementor-widget-container\">\n\t\t\t\t\t\t\t\t\t<h6>&nbsp;<\/h6>\n<h6>&nbsp;<\/h6>\n<div class=\"product-tabs-wrapper\">\n<div class=\"container\">\n<div class=\"row\">\n<div class=\"col-12 poduct-tabs-inner\">\n<div class=\"woocommerce-tabs wc-tabs-wrapper tabs-layout-tabs\" data-state=\"first\" data-layout=\"tabs\">\n<div class=\"wd-accordion-item\">\n<div id=\"tab-description\" class=\"entry-content woocommerce-Tabs-panel woocommerce-Tabs-panel--description wd-active panel wc-tab\" role=\"tabpanel\" aria-labelledby=\"tab-title-description\" data-accordion-index=\"description\">\n<div class=\"wc-tab-inner\">\n<div class=\"elementor elementor-75183\" data-elementor-type=\"product-post\" data-elementor-id=\"75183\" data-elementor-post-type=\"product\">\n<div class=\"wd-negative-gap elementor-element elementor-element-13e8d46 e-flex e-con-boxed wd-section-disabled e-con e-parent\" data-id=\"13e8d46\" data-element_type=\"container\" data-settings=\"{&quot;content_width&quot;:&quot;boxed&quot;}\" data-core-v316-plus=\"true\">\n<div class=\"e-con-inner\">\n<div class=\"elementor-element elementor-element-6219aa40 color-scheme-inherit text-left elementor-widget elementor-widget-text-editor\" data-id=\"6219aa40\" data-element_type=\"widget\" data-widget_type=\"text-editor.default\">\n<div class=\"elementor-widget-container\">\n<h5><strong>TOKYO METAL U\u0218OR&nbsp;<\/strong><\/h5><h5><strong>Acest model luxos va decora orice interior \u0219i va ad\u0103uga sofisticare \u0219i elegan\u021b\u0103 casei dvs.<\/strong><br><strong>Cu designul s\u0103u discret, ajustarea confortabil\u0103 \u0219i construc\u021bia robust\u0103, se va potrivi perfect at\u00e2t \u00een cas\u0103, c\u00e2t \u0219i \u00een orice interior comercial.<\/strong><\/h5>\n<h5><span style=\"text-decoration: underline;\"><em><strong>Pre\u021bul de pe site este pentru echipamentul standard \u0219i poate varia \u00een func\u021bie de dorin\u021bele individuale.<\/strong><\/em><\/span><\/h5>\n<h5><strong>Dimensiuni generale:<\/strong><br><strong>-L\u0103\u021bime general\u0103: 520 mm<\/strong><br><strong>-L\u0103\u021bime de montare: 470 mm<\/strong><br><strong>-Ad\u00e2ncime total\u0103: 540 mm<\/strong><br><strong>-Ad\u00e2ncime de montare: 450 mm<\/strong><br><strong>-\u00cen\u0103l\u021bime de montare: 600\/650\/750\/850 mm<\/strong><br><strong>-\u00cen\u0103l\u021bime total\u0103: 900\/950\/1050\/1150 mm<\/strong><p><\/p>\n<p><strong>Cadrul este din placaj \u0219lefuit.<\/strong><br><strong>Umplere - spum\u0103 poliuretanic\u0103 de \u00eenalt\u0103 densitate foarte elastic\u0103, syntepon.<\/strong><\/p>\n<p><strong>Culoarea \u0219i materialul tapi\u021beriei pot fi selectate individual.<\/strong><\/p>\n<p><strong>_________________________________________________________________________________<\/strong><br><strong>Pentru toate detaliile comenzii dvs. (alegerea materialului, culoarea lemnului etc.), v\u0103 rug\u0103m s\u0103 face\u021bi o cerere pe site. V\u0103 vom contacta imediat pentru a clarifica detaliile. De asemenea, ne pute\u021bi contacta prin telefon, e-mail, Telegrem\\Viber \u0219i prin intermediul formularelor de contact de pe site.<\/strong><\/p><\/h5>\n<\/div>\n<\/div>\n<\/div>\n<\/div>\n<div class=\"wd-negative-gap elementor-element elementor-element-ce67fca e-flex e-con-boxed wd-section-disabled e-con e-parent\" data-id=\"ce67fca\" data-element_type=\"container\" data-settings=\"{&quot;content_width&quot;:&quot;boxed&quot;}\" data-core-v316-plus=\"true\">\n<div class=\"e-con-inner\">\n<div class=\"elementor-element elementor-element-26cdb34 elementor-widget elementor-widget-wd_image_or_svg\" data-id=\"26cdb34\" data-element_type=\"widget\" data-widget_type=\"wd_image_or_svg.default\">\n<div class=\"elementor-widget-container\">\n<div class=\"wd-image text-left\">&nbsp;<\/div>\n<\/div>\n<\/div>\n<\/div>\n<\/div>\n<\/div>\n<\/div>\n<\/div>\n<\/div>\n<\/div>\n<\/div>\n<\/div>\n<\/div>\n<\/div>\t\t\t\t\t\t\t\t<\/div>\n\t\t\t\t<\/div>\n\t\t\t\t\t<\/div>\n\t\t\t\t<\/div>\n\t\t\t\t<\/div>","protected":false},"excerpt":{"rendered":"<p><em><strong>Pre\u021bul de pe site este pentru echipamentul standard \u0219i poate varia \u00een func\u021bie de dorin\u021bele individuale.<\/strong><\/em><\/p>","protected":false},"featured_media":78262,"template":"","meta":{"_themeisle_gutenberg_block_has_review":false},"product_brand":[],"product_cat":[190,507,188],"product_tag":[],"class_list":{"0":"post-75184","1":"product","2":"type-product","3":"status-publish","4":"has-post-thumbnail","6":"product_cat-barnye-stulya","7":"product_cat-barnye-stulya-metall","8":"product_cat-stulya","10":"first","11":"instock","12":"shipping-taxable","13":"purchasable","14":"product-type-variable"},"_links":{"self":[{"href":"https:\/\/moltomobila.md\/ro\/wp-json\/wp\/v2\/product\/75184","targetHints":{"allow":["GET"]}}],"collection":[{"href":"https:\/\/moltomobila.md\/ro\/wp-json\/wp\/v2\/product"}],"about":[{"href":"https:\/\/moltomobila.md\/ro\/wp-json\/wp\/v2\/types\/product"}],"version-history":[{"count":7,"href":"https:\/\/moltomobila.md\/ro\/wp-json\/wp\/v2\/product\/75184\/revisions"}],"predecessor-version":[{"id":83380,"href":"https:\/\/moltomobila.md\/ro\/wp-json\/wp\/v2\/product\/75184\/revisions\/83380"}],"wp:featuredmedia":[{"embeddable":true,"href":"https:\/\/moltomobila.md\/ro\/wp-json\/wp\/v2\/media\/78262"}],"wp:attachment":[{"href":"https:\/\/moltomobila.md\/ro\/wp-json\/wp\/v2\/media?parent=75184"}],"wp:term":[{"taxonomy":"product_brand","embeddable":true,"href":"https:\/\/moltomobila.md\/ro\/wp-json\/wp\/v2\/product_brand?post=75184"},{"taxonomy":"product_cat","embeddable":true,"href":"https:\/\/moltomobila.md\/ro\/wp-json\/wp\/v2\/product_cat?post=75184"},{"taxonomy":"product_tag","embeddable":true,"href":"https:\/\/moltomobila.md\/ro\/wp-json\/wp\/v2\/product_tag?post=75184"}],"curies":[{"name":"wp","href":"https:\/\/api.w.org\/{rel}","templated":true}]}}