{"id":79621,"date":"2024-04-12T18:48:30","date_gmt":"2024-04-12T16:48:30","guid":{"rendered":"https:\/\/mediumaquamarine-flamingo-502635.hostingersite.com\/?post_type=product&#038;p=79621"},"modified":"2026-03-22T16:05:49","modified_gmt":"2026-03-22T14:05:49","slug":"barnyj-stul-viena-2","status":"publish","type":"product","link":"https:\/\/moltomobila.md\/ro\/produs\/barnyj-stul-viena-2\/","title":{"rendered":"Taburet de bar VALETTA"},"content":{"rendered":"<div data-elementor-type=\"product-post\" data-elementor-id=\"79621\" class=\"elementor elementor-79621\" data-elementor-post-type=\"product\">\n\t\t\t\t<div class=\"wd-negative-gap elementor-element elementor-element-6899da89 e-flex e-con-boxed e-con e-parent\" data-id=\"6899da89\" data-element_type=\"container\" data-e-type=\"container\">\n\t\t\t\t\t<div class=\"e-con-inner\">\n\t\t\t\t<div class=\"elementor-element elementor-element-15bfb725 color-scheme-inherit text-left elementor-widget elementor-widget-text-editor\" data-id=\"15bfb725\" data-element_type=\"widget\" data-e-type=\"widget\" data-widget_type=\"text-editor.default\">\n\t\t\t\t<div class=\"elementor-widget-container\">\n\t\t\t\t\t\t\t\t\t<h6>\u00a0<\/h6><h6>\u00a0<\/h6><div class=\"product-tabs-wrapper\"><div class=\"container\"><div class=\"row\"><div class=\"col-12 poduct-tabs-inner\"><div class=\"woocommerce-tabs wc-tabs-wrapper tabs-layout-tabs\" data-state=\"first\" data-layout=\"tabs\"><div class=\"wd-accordion-item\"><div id=\"tab-description\" class=\"entry-content woocommerce-Tabs-panel woocommerce-Tabs-panel--description wd-active panel wc-tab\" role=\"tabpanel\" aria-labelledby=\"tab-title-description\" data-accordion-index=\"description\"><div class=\"wc-tab-inner\"><div class=\"elementor elementor-75183\" data-elementor-type=\"product-post\" data-elementor-id=\"75183\" data-elementor-post-type=\"product\"><div class=\"wd-negative-gap elementor-element elementor-element-13e8d46 e-flex e-con-boxed wd-section-disabled e-con e-parent\" data-id=\"13e8d46\" data-element_type=\"container\" data-settings=\"{&quot;content_width&quot;:&quot;boxed&quot;}\" data-core-v316-plus=\"true\"><div class=\"e-con-inner\"><div class=\"elementor-element elementor-element-6219aa40 color-scheme-inherit text-left elementor-widget elementor-widget-text-editor\" data-id=\"6219aa40\" data-element_type=\"widget\" data-widget_type=\"text-editor.default\"><div class=\"elementor-widget-container\"><h5><strong>\u00a0Acest model luxos va decora orice interior \u0219i va ad\u0103uga sofisticare \u0219i elegan\u021b\u0103 casei dvs.<\/strong><br \/><strong>Cu designul s\u0103u discret, ajustarea confortabil\u0103 \u0219i construc\u021bia robust\u0103, se va potrivi perfect at\u00e2t \u00een cas\u0103, c\u00e2t \u0219i \u00een orice interior comercial.<\/strong><\/h5><h5><span style=\"text-decoration: underline;\"><em><strong>Pre\u021bul de pe site este pentru echipamentul standard \u0219i poate varia \u00een func\u021bie de dorin\u021bele individuale.<\/strong><\/em><\/span><\/h5><h5><strong>Dimensiuni generale:<\/strong><br \/><strong>-L\u0103\u021bime general\u0103: 520 mm<\/strong><br \/><strong>-L\u0103\u021bime de montare: 470 mm<\/strong><br \/><strong>-Ad\u00e2ncime total\u0103: 540 mm<\/strong><br \/><strong>-Ad\u00e2ncime de montare: 450 mm<\/strong><br \/><strong>-\u00cen\u0103l\u021bime de montare: 600\/650\/750\/850 mm<\/strong><br \/><strong>-\u00cen\u0103l\u021bime total\u0103: 900\/950\/1050\/1150 mm<\/strong><br \/><br \/><strong>Cadrul este din placaj \u0219lefuit.<\/strong><br \/><strong>Umplere - spum\u0103 poliuretanic\u0103 de \u00eenalt\u0103 densitate foarte elastic\u0103, syntepon.<\/strong><br \/><br \/><strong>Culoarea \u0219i materialul tapi\u021beriei pot fi selectate individual.<\/strong><br \/><br \/><strong>_________________________________________________________________________________<\/strong><br \/><strong>Pentru toate detaliile comenzii dvs. (alegerea materialului, culoarea lemnului etc.), v\u0103 rug\u0103m s\u0103 face\u021bi o cerere pe site. V\u0103 vom contacta imediat pentru a clarifica detaliile. De asemenea, ne pute\u021bi contacta prin telefon, e-mail, Telegrem\\Viber \u0219i prin intermediul formularelor de contact de pe site.<\/strong><\/h5><\/div><\/div><\/div><\/div><div class=\"wd-negative-gap elementor-element elementor-element-ce67fca e-flex e-con-boxed wd-section-disabled e-con e-parent\" data-id=\"ce67fca\" data-element_type=\"container\" data-settings=\"{&quot;content_width&quot;:&quot;boxed&quot;}\" data-core-v316-plus=\"true\"><div class=\"e-con-inner\"><div class=\"elementor-element elementor-element-26cdb34 elementor-widget elementor-widget-wd_image_or_svg\" data-id=\"26cdb34\" data-element_type=\"widget\" data-widget_type=\"wd_image_or_svg.default\"><div class=\"elementor-widget-container\"><div class=\"wd-image text-left\">\u00a0<\/div><\/div><\/div><\/div><\/div><\/div><\/div><\/div><\/div><\/div><\/div><\/div><\/div><\/div>\t\t\t\t\t\t\t\t<\/div>\n\t\t\t\t<\/div>\n\t\t\t\t\t<\/div>\n\t\t\t\t<\/div>\n\t\t\t\t<\/div>","protected":false},"excerpt":{"rendered":"<p><em><strong>Pre\u021bul de pe site este pentru echipamentul standard \u0219i poate varia \u00een func\u021bie de dorin\u021bele individuale.<\/strong><\/em><\/p>","protected":false},"featured_media":79802,"template":"","meta":{"_themeisle_gutenberg_block_has_review":false},"product_brand":[],"product_cat":[190,506,188],"product_tag":[],"class_list":{"0":"post-79621","1":"product","2":"type-product","3":"status-publish","4":"has-post-thumbnail","6":"product_cat-barnye-stulya","7":"product_cat-barnye-stulya-derevo","8":"product_cat-stulya","10":"first","11":"instock","12":"shipping-taxable","13":"purchasable","14":"product-type-variable"},"_links":{"self":[{"href":"https:\/\/moltomobila.md\/ro\/wp-json\/wp\/v2\/product\/79621","targetHints":{"allow":["GET"]}}],"collection":[{"href":"https:\/\/moltomobila.md\/ro\/wp-json\/wp\/v2\/product"}],"about":[{"href":"https:\/\/moltomobila.md\/ro\/wp-json\/wp\/v2\/types\/product"}],"version-history":[{"count":6,"href":"https:\/\/moltomobila.md\/ro\/wp-json\/wp\/v2\/product\/79621\/revisions"}],"predecessor-version":[{"id":83278,"href":"https:\/\/moltomobila.md\/ro\/wp-json\/wp\/v2\/product\/79621\/revisions\/83278"}],"wp:featuredmedia":[{"embeddable":true,"href":"https:\/\/moltomobila.md\/ro\/wp-json\/wp\/v2\/media\/79802"}],"wp:attachment":[{"href":"https:\/\/moltomobila.md\/ro\/wp-json\/wp\/v2\/media?parent=79621"}],"wp:term":[{"taxonomy":"product_brand","embeddable":true,"href":"https:\/\/moltomobila.md\/ro\/wp-json\/wp\/v2\/product_brand?post=79621"},{"taxonomy":"product_cat","embeddable":true,"href":"https:\/\/moltomobila.md\/ro\/wp-json\/wp\/v2\/product_cat?post=79621"},{"taxonomy":"product_tag","embeddable":true,"href":"https:\/\/moltomobila.md\/ro\/wp-json\/wp\/v2\/product_tag?post=79621"}],"curies":[{"name":"wp","href":"https:\/\/api.w.org\/{rel}","templated":true}]}}