{"id":79980,"date":"2024-04-22T12:54:47","date_gmt":"2024-04-22T10:54:47","guid":{"rendered":"https:\/\/mediumaquamarine-flamingo-502635.hostingersite.com\/?post_type=product&#038;p=79980"},"modified":"2024-05-15T12:24:03","modified_gmt":"2024-05-15T10:24:03","slug":"lyustra-led-petals-gold","status":"publish","type":"product","link":"https:\/\/moltomobila.md\/ro\/produs\/lyustra-led-petals-gold\/","title":{"rendered":"CANDELABRU CONDUS PETALE DE AUR"},"content":{"rendered":"<p>Candelabrul LED Petals a devenit un clasic al artei designului modern! Este at\u00e2t de iubit de designeri \u0219i clien\u021bi \u00eenc\u00e2t r\u0103m\u00e2ne \u00een \u00abTOP\u00bb timp de mul\u021bi ani. Acest candelabru \u00een form\u0103 de petale rotunjite pe tulpini sub\u021biri - munca designerilor profesioni\u0219ti! \u00cen procesul de str\u0103lucire creeaz\u0103 o bun\u0103 reflectare a luminii, ad\u0103ug\u00e2nd un farmec special \u0219i confort. Este relevant \u00een multe modele \u0219i tipuri de spa\u021bii - case, apartamente, spa\u021bii de birouri, restaurante \u0219i a\u0219a mai departe.<\/p>","protected":false},"excerpt":{"rendered":"<p>\u041b\u044e\u0441\u0442\u0440\u0430 LED Petals-\u0441\u0442\u0430\u043b\u0430 \u043a\u043b\u0430\u0441\u0441\u0438\u043a\u043e\u0439 \u0441\u043e\u0432\u0440\u0435\u043c\u0435\u043d\u043d\u043e\u0433\u043e \u0434\u0438\u0437\u0430\u0439\u043d\u0435\u0440\u0441\u043a\u043e\u0433\u043e \u0438\u0441\u043a\u0443\u0441\u0441\u0442\u0432\u0430! \u041e\u043d\u0430 \u043d\u0430\u0441\u0442\u043e\u043b\u044c\u043a\u043e \u043f\u043e\u043b\u044e\u0431\u0438\u043b\u0430\u0441\u044c \u0434\u0438\u0437\u0430\u0439\u043d\u0435\u0440\u0430\u043c \u0438 \u043a\u043b\u0438\u0435\u043d\u0442\u0430\u043c, \u0447\u0442\u043e \u043e\u0441\u0442\u0430\u0435\u0442\u0441\u044f \u0432 \u00ab\u0422\u041e\u041f\u0415\u00bb \u043c\u043d\u043e\u0433\u043e \u043b\u0435\u0442. \u0414\u0430\u043d\u043d\u0430\u044f<\/p>","protected":false},"featured_media":79981,"template":"","meta":{"_themeisle_gutenberg_block_has_review":false},"product_brand":[],"product_cat":[90,81,91],"product_tag":[],"class_list":{"0":"post-79980","1":"product","2":"type-product","3":"status-publish","4":"has-post-thumbnail","6":"product_cat-lyustry","7":"product_cat-osveshhenie","8":"product_cat-podvesy","10":"first","11":"instock","12":"featured","13":"shipping-taxable","14":"purchasable","15":"product-type-simple"},"_links":{"self":[{"href":"https:\/\/moltomobila.md\/ro\/wp-json\/wp\/v2\/product\/79980","targetHints":{"allow":["GET"]}}],"collection":[{"href":"https:\/\/moltomobila.md\/ro\/wp-json\/wp\/v2\/product"}],"about":[{"href":"https:\/\/moltomobila.md\/ro\/wp-json\/wp\/v2\/types\/product"}],"version-history":[{"count":1,"href":"https:\/\/moltomobila.md\/ro\/wp-json\/wp\/v2\/product\/79980\/revisions"}],"predecessor-version":[{"id":79989,"href":"https:\/\/moltomobila.md\/ro\/wp-json\/wp\/v2\/product\/79980\/revisions\/79989"}],"wp:featuredmedia":[{"embeddable":true,"href":"https:\/\/moltomobila.md\/ro\/wp-json\/wp\/v2\/media\/79981"}],"wp:attachment":[{"href":"https:\/\/moltomobila.md\/ro\/wp-json\/wp\/v2\/media?parent=79980"}],"wp:term":[{"taxonomy":"product_brand","embeddable":true,"href":"https:\/\/moltomobila.md\/ro\/wp-json\/wp\/v2\/product_brand?post=79980"},{"taxonomy":"product_cat","embeddable":true,"href":"https:\/\/moltomobila.md\/ro\/wp-json\/wp\/v2\/product_cat?post=79980"},{"taxonomy":"product_tag","embeddable":true,"href":"https:\/\/moltomobila.md\/ro\/wp-json\/wp\/v2\/product_tag?post=79980"}],"curies":[{"name":"wp","href":"https:\/\/api.w.org\/{rel}","templated":true}]}}