{"id":80090,"date":"2024-04-22T14:34:15","date_gmt":"2024-04-22T12:34:15","guid":{"rendered":"https:\/\/mediumaquamarine-flamingo-502635.hostingersite.com\/?post_type=product&#038;p=80090"},"modified":"2026-03-22T16:05:49","modified_gmt":"2026-03-22T14:05:49","slug":"obedennyj-stul-rio-light-metal-new","status":"publish","type":"product","link":"https:\/\/moltomobila.md\/ro\/produs\/obedennyj-stul-rio-light-metal-new\/","title":{"rendered":"Scaun de mas\u0103 ENNA metal u\u0219or NEW"},"content":{"rendered":"<p>\u0414\u0438\u0437\u0430\u0439\u043d\u0435\u0440\u0441\u043a\u0438\u0439 \u0421\u0442\u0443\u043b ENNA metal NEW. \u042d\u0442\u0430 \u0440\u043e\u0441\u043a\u043e\u0448\u043d\u0430\u044f \u043c\u043e\u0434\u0435\u043b\u044c \u0443\u043a\u0440\u0430\u0441\u0438\u0442 \u043b\u044e\u0431\u043e\u0439 \u0438\u043d\u0442\u0435\u0440\u044c\u0435\u0440 \u0438 \u043f\u0440\u0438\u0434\u0430\u0441\u0442 \u0438\u0437\u044b\u0441\u043a\u0430\u043d\u043d\u043e\u0441\u0442\u0438 \u0438 \u044d\u043b\u0435\u0433\u0430\u043d\u0442\u043d\u043e\u0441\u0442\u0438 \u0432\u0430\u0448\u0435\u043c\u0443 \u0434\u043e\u043c\u0443.<br \/>\n\u0411\u043b\u0430\u0433\u043e\u0434\u0430\u0440\u044f \u0441\u0432\u043e\u0435\u043c\u0443 \u043b\u0430\u043a\u043e\u043d\u0438\u0447\u043d\u043e\u043c\u0443 \u0434\u0438\u0437\u0430\u0439\u043d\u0443, \u0443\u0434\u043e\u0431\u043d\u043e\u0439 \u043f\u043e\u0441\u0430\u0434\u043a\u0435 \u0438 \u043f\u0440\u043e\u0447\u043d\u043e\u0439 \u043a\u043e\u043d\u0441\u0442\u0440\u0443\u043a\u0446\u0438\u0438 \u0438\u0434\u0435\u0430\u043b\u044c\u043d\u043e \u0432\u043f\u0438\u0448\u0435\u0442\u0441\u044f \u043a\u0430\u043a \u0432 \u0434\u043e\u043c\u0430\u0448\u043d\u0438\u0439, \u0442\u0430\u043a \u0438 \u0432 \u043b\u044e\u0431\u043e\u0439 \u043a\u043e\u043c\u043c\u0435\u0440\u0447\u0435\u0441\u043a\u0438\u0439 \u0438\u043d\u0442\u0435\u0440\u044c\u0435\u0440.<\/p>\n<p>Pre\u021bul de pe site este pentru echipamentul standard \u0219i poate varia \u00een func\u021bie de dorin\u021bele individuale.<\/p>\n<p>Dimensiuni generale:<br \/>\n-L\u0103\u021bime general\u0103: 520 mm.<br \/>\n-L\u0103\u021bime de montare: 470 mm.<br \/>\n-Ad\u00e2ncime total\u0103: 540 mm.<br \/>\n-Ad\u00e2ncimea de plantare: 450 mm.<br \/>\n-\u00cen\u0103l\u021bime total\u0103 780 mm.<br \/>\n-\u00cen\u0103l\u021bime de montare: 460 mm.<br \/>\n-\u00cen\u0103l\u021bimea scaunului: 60 mm.<br \/>\nGreutatea scaunului este de 7 kg.<\/p>\n<p>Cadrul este din placaj \u0219lefuit format din 3 straturi.<br \/>\nUmplere - spum\u0103 poliuretanic\u0103 de \u00eenalt\u0103 densitate foarte elastic\u0103, syntepon.<\/p>\n<p>Culoarea \u0219i materialul tapi\u021beriei pot fi selectate individual.<br \/>\n________________________________________________________________<br \/>\nPentru toate detaliile comenzii dvs. (alegerea materialului, culoarea lemnului etc.), v\u0103 rug\u0103m s\u0103 face\u021bi o cerere pe site. V\u0103 vom contacta imediat pentru a clarifica detaliile. De asemenea, ne pute\u021bi contacta prin telefon, e-mail, TelegremViber \u0219i prin intermediul formularelor de contact de pe site.<\/p>","protected":false},"excerpt":{"rendered":"<p><strong><em>PRE\u021aUL ESTE PENTRU MODELUL STANDARD \u0218I POATE VARIA \u00ceN FUNC\u021aIE DE PREFERIN\u021aE\u00a0<\/em><\/strong><\/p>\n<p><em><strong>CULOAREA MATERIALELOR ESTE SELECTAT\u0102 INDIVIDUAL PENTRU FIECARE CLIENT <\/strong><\/em><\/p>","protected":false},"featured_media":80097,"template":"","meta":{"_themeisle_gutenberg_block_has_review":false},"product_brand":[],"product_cat":[124,189,503,188],"product_tag":[],"class_list":{"0":"post-80090","1":"product","2":"type-product","3":"status-publish","4":"has-post-thumbnail","6":"product_cat-stolovaya","7":"product_cat-obedennye-stulya","8":"product_cat-obedennye-stulya-metal","9":"product_cat-stulya","11":"first","12":"instock","13":"shipping-taxable","14":"purchasable","15":"product-type-variable"},"_links":{"self":[{"href":"https:\/\/moltomobila.md\/ro\/wp-json\/wp\/v2\/product\/80090","targetHints":{"allow":["GET"]}}],"collection":[{"href":"https:\/\/moltomobila.md\/ro\/wp-json\/wp\/v2\/product"}],"about":[{"href":"https:\/\/moltomobila.md\/ro\/wp-json\/wp\/v2\/types\/product"}],"version-history":[{"count":3,"href":"https:\/\/moltomobila.md\/ro\/wp-json\/wp\/v2\/product\/80090\/revisions"}],"predecessor-version":[{"id":83240,"href":"https:\/\/moltomobila.md\/ro\/wp-json\/wp\/v2\/product\/80090\/revisions\/83240"}],"wp:featuredmedia":[{"embeddable":true,"href":"https:\/\/moltomobila.md\/ro\/wp-json\/wp\/v2\/media\/80097"}],"wp:attachment":[{"href":"https:\/\/moltomobila.md\/ro\/wp-json\/wp\/v2\/media?parent=80090"}],"wp:term":[{"taxonomy":"product_brand","embeddable":true,"href":"https:\/\/moltomobila.md\/ro\/wp-json\/wp\/v2\/product_brand?post=80090"},{"taxonomy":"product_cat","embeddable":true,"href":"https:\/\/moltomobila.md\/ro\/wp-json\/wp\/v2\/product_cat?post=80090"},{"taxonomy":"product_tag","embeddable":true,"href":"https:\/\/moltomobila.md\/ro\/wp-json\/wp\/v2\/product_tag?post=80090"}],"curies":[{"name":"wp","href":"https:\/\/api.w.org\/{rel}","templated":true}]}}