{"id":80428,"date":"2024-04-22T16:08:41","date_gmt":"2024-04-22T14:08:41","guid":{"rendered":"https:\/\/mediumaquamarine-flamingo-502635.hostingersite.com\/?post_type=product&#038;p=80428"},"modified":"2026-03-22T16:05:49","modified_gmt":"2026-03-22T14:05:49","slug":"obedennyj-stul-berlin-metal-new","status":"publish","type":"product","link":"https:\/\/moltomobila.md\/ro\/produs\/obedennyj-stul-berlin-metal-new\/","title":{"rendered":"Scaun metalic KARL NEW"},"content":{"rendered":"<p>Scaun metalic de designer KARL. Acest model luxos va decora orice interior \u0219i va ad\u0103uga sofisticare \u0219i elegan\u021b\u0103 casei dvs.<br \/>\nCu designul s\u0103u discret, ajustarea confortabil\u0103 \u0219i construc\u021bia robust\u0103, se va potrivi perfect at\u00e2t \u00een cas\u0103, c\u00e2t \u0219i \u00een orice interior comercial.<\/p>\n<p>Pre\u021bul de pe site este pentru echipamentul standard \u0219i poate varia \u00een func\u021bie de dorin\u021bele individuale.<\/p>\n<p>Dimensiuni generale:<br \/>\n-L\u0103\u021bime general\u0103: 520 mm.<br \/>\n-L\u0103\u021bime de montare: 470 mm.<br \/>\n-Ad\u00e2ncime total\u0103: 610 mm.<br \/>\n-Ad\u00e2ncime de montare: 440 mm.<br \/>\n-\u00cen\u0103l\u021bime total\u0103: 1000 mm.<br \/>\n-\u00cen\u0103l\u021bime de montare: 480 mm.<br \/>\n-\u00cen\u0103l\u021bime de la scaun la partea superioar\u0103 a sp\u0103tarului: 510 mm.<br \/>\n-\u00cen\u0103l\u021bimea scaunului: 80 mm.<\/p>\n<p>Cadrul este din placaj \u0219lefuit format din 3 straturi.<br \/>\nUmplere - spum\u0103 poliuretanic\u0103 de \u00eenalt\u0103 densitate foarte elastic\u0103, syntepon.<\/p>\n<p>Culoarea \u0219i materialul tapi\u021beriei pot fi selectate individual.<\/p>\n<p>________________________________________________________________<br \/>\nPentru toate detaliile comenzii dvs. (alegerea materialului, culoarea lemnului etc.), v\u0103 rug\u0103m s\u0103 face\u021bi o cerere pe site. V\u0103 vom contacta imediat pentru a clarifica detaliile. De asemenea, ne pute\u021bi contacta prin telefon, e-mail, TelegremViber \u0219i prin intermediul formularelor de contact de pe site.<\/p>","protected":false},"excerpt":{"rendered":"<p><strong><em>PRE\u021aUL ESTE PENTRU MODELUL STANDARD \u0218I POATE VARIA \u00ceN FUNC\u021aIE DE PREFERIN\u021aE\u00a0<\/em><\/strong><\/p>\n<p><em><strong>CULOAREA MATERIALELOR ESTE SELECTAT\u0102 INDIVIDUAL PENTRU FIECARE CLIENT <\/strong><\/em><\/p>","protected":false},"featured_media":80441,"template":"","meta":{"_themeisle_gutenberg_block_has_review":false},"product_brand":[],"product_cat":[124,189,503,188],"product_tag":[],"class_list":{"0":"post-80428","1":"product","2":"type-product","3":"status-publish","4":"has-post-thumbnail","6":"product_cat-stolovaya","7":"product_cat-obedennye-stulya","8":"product_cat-obedennye-stulya-metal","9":"product_cat-stulya","11":"first","12":"instock","13":"shipping-taxable","14":"purchasable","15":"product-type-variable"},"_links":{"self":[{"href":"https:\/\/moltomobila.md\/ro\/wp-json\/wp\/v2\/product\/80428","targetHints":{"allow":["GET"]}}],"collection":[{"href":"https:\/\/moltomobila.md\/ro\/wp-json\/wp\/v2\/product"}],"about":[{"href":"https:\/\/moltomobila.md\/ro\/wp-json\/wp\/v2\/types\/product"}],"version-history":[{"count":2,"href":"https:\/\/moltomobila.md\/ro\/wp-json\/wp\/v2\/product\/80428\/revisions"}],"predecessor-version":[{"id":83023,"href":"https:\/\/moltomobila.md\/ro\/wp-json\/wp\/v2\/product\/80428\/revisions\/83023"}],"wp:featuredmedia":[{"embeddable":true,"href":"https:\/\/moltomobila.md\/ro\/wp-json\/wp\/v2\/media\/80441"}],"wp:attachment":[{"href":"https:\/\/moltomobila.md\/ro\/wp-json\/wp\/v2\/media?parent=80428"}],"wp:term":[{"taxonomy":"product_brand","embeddable":true,"href":"https:\/\/moltomobila.md\/ro\/wp-json\/wp\/v2\/product_brand?post=80428"},{"taxonomy":"product_cat","embeddable":true,"href":"https:\/\/moltomobila.md\/ro\/wp-json\/wp\/v2\/product_cat?post=80428"},{"taxonomy":"product_tag","embeddable":true,"href":"https:\/\/moltomobila.md\/ro\/wp-json\/wp\/v2\/product_tag?post=80428"}],"curies":[{"name":"wp","href":"https:\/\/api.w.org\/{rel}","templated":true}]}}