{"id":80844,"date":"2024-04-22T21:40:57","date_gmt":"2024-04-22T19:40:57","guid":{"rendered":"https:\/\/mediumaquamarine-flamingo-502635.hostingersite.com\/?post_type=product&#038;p=80844"},"modified":"2026-03-22T16:05:48","modified_gmt":"2026-03-22T14:05:48","slug":"obedennyj-stul-turin","status":"publish","type":"product","link":"https:\/\/moltomobila.md\/ro\/produs\/obedennyj-stul-turin\/","title":{"rendered":"Scaun de mas\u0103 BERGAMO"},"content":{"rendered":"<p>Scaun de designer BERGAMO. Acest model luxos va decora orice interior \u0219i va ad\u0103uga sofisticare \u0219i elegan\u021b\u0103 casei dvs.<br \/>\nCu designul s\u0103u discret, ajustarea confortabil\u0103 \u0219i construc\u021bia robust\u0103, se va potrivi perfect at\u00e2t \u00een cas\u0103, c\u00e2t \u0219i \u00een orice interior comercial.<\/p>\n<p>Pre\u021bul de pe site este pentru echipamentul standard \u0219i poate varia \u00een func\u021bie de dorin\u021bele individuale.<\/p>\n<p>Dimensiuni generale:<br \/>\n-L\u0103\u021bime general\u0103: 570 mm.<br \/>\n-L\u0103\u021bime de montare: 470 mm.<br \/>\n-Ad\u00e2ncime total\u0103: 560 mm.<br \/>\n-Ad\u00e2ncimea de plantare: 500 mm.<br \/>\n-\u00cen\u0103l\u021bime total\u0103: 810 mm.<br \/>\n-\u00cen\u0103l\u021bime de montare: 480 mm.<br \/>\n-\u00cen\u0103l\u021bimea de la podea la partea superioar\u0103 a cotierelor: 670 mm.<br \/>\n-\u00cen\u0103l\u021bimea de la scaun la partea superioar\u0103 a cotierelor: 160 mm.<br \/>\n-\u00cen\u0103l\u021bimea scaunului: 80 mm.<br \/>\nGreutatea scaunului este de 9 kg.<\/p>\n<p>Cadru - lemn masiv de frasin de calitate superioar\u0103, placaj \u0219lefuit gros, lemn masiv de pin.<br \/>\nUmplere - spum\u0103 poliuretanic\u0103 de \u00eenalt\u0103 densitate foarte elastic\u0103, syntepon.<\/p>\n<p>Culoarea \u0219i materialul tapi\u021beriei pot fi selectate individual.<\/p>\n<p>________________________________________________________________<br \/>\nPentru toate detaliile comenzii dvs. (alegerea materialului, culoarea lemnului etc.), v\u0103 rug\u0103m s\u0103 face\u021bi o cerere pe site. V\u0103 vom contacta imediat pentru a clarifica detaliile. De asemenea, ne pute\u021bi contacta prin telefon, e-mail, Telegrem\/Viber \u0219i prin intermediul formularelor de contact de pe site.<\/p>","protected":false},"excerpt":{"rendered":"<p><strong><em>PRE\u021aUL ESTE PENTRU MODELUL STANDARD \u0218I POATE VARIA \u00ceN FUNC\u021aIE DE PREFERIN\u021aE\u00a0<\/em><\/strong><\/p>\n<p><em><strong>CULOAREA MATERIALELOR ESTE SELECTAT\u0102 INDIVIDUAL PENTRU FIECARE CLIENT <\/strong><\/em><\/p>","protected":false},"featured_media":80851,"template":"","meta":{"_themeisle_gutenberg_block_has_review":false},"product_brand":[],"product_cat":[124,189,505,188],"product_tag":[],"class_list":{"0":"post-80844","1":"product","2":"type-product","3":"status-publish","4":"has-post-thumbnail","6":"product_cat-stolovaya","7":"product_cat-obedennye-stulya","8":"product_cat-obedennye-stulya-derevo","9":"product_cat-stulya","11":"first","12":"instock","13":"shipping-taxable","14":"purchasable","15":"product-type-variable"},"_links":{"self":[{"href":"https:\/\/moltomobila.md\/ro\/wp-json\/wp\/v2\/product\/80844","targetHints":{"allow":["GET"]}}],"collection":[{"href":"https:\/\/moltomobila.md\/ro\/wp-json\/wp\/v2\/product"}],"about":[{"href":"https:\/\/moltomobila.md\/ro\/wp-json\/wp\/v2\/types\/product"}],"version-history":[{"count":2,"href":"https:\/\/moltomobila.md\/ro\/wp-json\/wp\/v2\/product\/80844\/revisions"}],"predecessor-version":[{"id":82958,"href":"https:\/\/moltomobila.md\/ro\/wp-json\/wp\/v2\/product\/80844\/revisions\/82958"}],"wp:featuredmedia":[{"embeddable":true,"href":"https:\/\/moltomobila.md\/ro\/wp-json\/wp\/v2\/media\/80851"}],"wp:attachment":[{"href":"https:\/\/moltomobila.md\/ro\/wp-json\/wp\/v2\/media?parent=80844"}],"wp:term":[{"taxonomy":"product_brand","embeddable":true,"href":"https:\/\/moltomobila.md\/ro\/wp-json\/wp\/v2\/product_brand?post=80844"},{"taxonomy":"product_cat","embeddable":true,"href":"https:\/\/moltomobila.md\/ro\/wp-json\/wp\/v2\/product_cat?post=80844"},{"taxonomy":"product_tag","embeddable":true,"href":"https:\/\/moltomobila.md\/ro\/wp-json\/wp\/v2\/product_tag?post=80844"}],"curies":[{"name":"wp","href":"https:\/\/api.w.org\/{rel}","templated":true}]}}