{"id":80955,"date":"2024-04-23T17:03:25","date_gmt":"2024-04-23T15:03:25","guid":{"rendered":"https:\/\/mediumaquamarine-flamingo-502635.hostingersite.com\/?post_type=product&#038;p=80955"},"modified":"2026-03-22T16:05:48","modified_gmt":"2026-03-22T14:05:48","slug":"obedennyj-stul-koln","status":"publish","type":"product","link":"https:\/\/moltomobila.md\/ro\/produs\/obedennyj-stul-koln\/","title":{"rendered":"Scaun de mas\u0103 BOHO"},"content":{"rendered":"<p>\u0414\u0438\u0437\u0430\u0439\u043d\u0435\u0440\u0441\u043a\u0438\u0439 \u0441\u0442\u0443\u043b BOHO. \u042d\u0442\u0430 \u0440\u043e\u0441\u043a\u043e\u0448\u043d\u0430\u044f \u043c\u043e\u0434\u0435\u043b\u044c \u0443\u043a\u0440\u0430\u0441\u0438\u0442 \u043b\u044e\u0431\u043e\u0439 \u0438\u043d\u0442\u0435\u0440\u044c\u0435\u0440 \u0438 \u043f\u0440\u0438\u0434\u0430\u0441\u0442 \u0438\u0437\u044b\u0441\u043a\u0430\u043d\u043d\u043e\u0441\u0442\u0438 \u0438 \u044d\u043b\u0435\u0433\u0430\u043d\u0442\u043d\u043e\u0441\u0442\u0438 \u0432\u0430\u0448\u0435\u043c\u0443 \u0434\u043e\u043c\u0443.<br \/>\nCu designul s\u0103u discret, ajustarea confortabil\u0103 \u0219i construc\u021bia robust\u0103, se va potrivi perfect at\u00e2t \u00een cas\u0103, c\u00e2t \u0219i \u00een orice interior comercial.<\/p>\n<p>Pre\u021bul de pe site este pentru echipamentul standard \u0219i poate varia \u00een func\u021bie de dorin\u021bele individuale.<\/p>\n<p>Dimensiuni generale:<br \/>\n-L\u0103\u021bime general\u0103: 570 mm.<br \/>\n-L\u0103\u021bime de montare: 470 mm.<br \/>\n-\u0413\u043b\u0443\u0431\u0438\u043d\u0430 \u043e\u0431\u0449\u0430\u044f: 570 \u043c\u043c.<br \/>\n-Ad\u00e2ncime de montare: 470 mm.<br \/>\n-\u00cen\u0103l\u021bime total\u0103: 820 mm.<br \/>\n-\u00cen\u0103l\u021bime de montare: 490 mm.<br \/>\n-\u00cen\u0103l\u021bimea de la podea la partea superioar\u0103 a cotierelor: 670 mm.<br \/>\n-\u00cen\u0103l\u021bimea de la scaun la partea superioar\u0103 a cotierelor: 160 mm.<br \/>\n-\u00cen\u0103l\u021bimea scaunului: 80 mm.<br \/>\nGreutatea scaunului este de 9 kg.<\/p>\n<p>Cadru - lemn masiv de frasin de calitate superioar\u0103, placaj \u0219lefuit gros, lemn masiv de pin.<br \/>\nUmplere - spum\u0103 poliuretanic\u0103 de \u00eenalt\u0103 densitate foarte elastic\u0103, syntepon.<\/p>\n<p>Culoarea \u0219i materialul tapi\u021beriei pot fi selectate individual.<\/p>\n<p>________________________________________________________________<br \/>\nPentru toate detaliile comenzii dvs. (alegerea materialului, culoarea lemnului etc.), v\u0103 rug\u0103m s\u0103 face\u021bi o cerere pe site. V\u0103 vom contacta imediat pentru a clarifica detaliile. De asemenea, ne pute\u021bi contacta prin telefon, e-mail, Telegrem\/Viber \u0219i prin intermediul formularelor de contact de pe site.<\/p>","protected":false},"excerpt":{"rendered":"<p><strong><em>PRE\u021aUL ESTE PENTRU MODELUL STANDARD \u0218I POATE VARIA \u00ceN FUNC\u021aIE DE PREFERIN\u021aE\u00a0<\/em><\/strong><\/p>\n<p><em><strong>CULOAREA MATERIALELOR ESTE SELECTAT\u0102 INDIVIDUAL PENTRU FIECARE CLIENT <\/strong><\/em><\/p>","protected":false},"featured_media":80962,"template":"","meta":{"_themeisle_gutenberg_block_has_review":false},"product_brand":[],"product_cat":[124,189,505,188],"product_tag":[],"class_list":{"0":"post-80955","1":"product","2":"type-product","3":"status-publish","4":"has-post-thumbnail","6":"product_cat-stolovaya","7":"product_cat-obedennye-stulya","8":"product_cat-obedennye-stulya-derevo","9":"product_cat-stulya","11":"first","12":"instock","13":"shipping-taxable","14":"purchasable","15":"product-type-variable"},"_links":{"self":[{"href":"https:\/\/moltomobila.md\/ro\/wp-json\/wp\/v2\/product\/80955","targetHints":{"allow":["GET"]}}],"collection":[{"href":"https:\/\/moltomobila.md\/ro\/wp-json\/wp\/v2\/product"}],"about":[{"href":"https:\/\/moltomobila.md\/ro\/wp-json\/wp\/v2\/types\/product"}],"version-history":[{"count":2,"href":"https:\/\/moltomobila.md\/ro\/wp-json\/wp\/v2\/product\/80955\/revisions"}],"predecessor-version":[{"id":82946,"href":"https:\/\/moltomobila.md\/ro\/wp-json\/wp\/v2\/product\/80955\/revisions\/82946"}],"wp:featuredmedia":[{"embeddable":true,"href":"https:\/\/moltomobila.md\/ro\/wp-json\/wp\/v2\/media\/80962"}],"wp:attachment":[{"href":"https:\/\/moltomobila.md\/ro\/wp-json\/wp\/v2\/media?parent=80955"}],"wp:term":[{"taxonomy":"product_brand","embeddable":true,"href":"https:\/\/moltomobila.md\/ro\/wp-json\/wp\/v2\/product_brand?post=80955"},{"taxonomy":"product_cat","embeddable":true,"href":"https:\/\/moltomobila.md\/ro\/wp-json\/wp\/v2\/product_cat?post=80955"},{"taxonomy":"product_tag","embeddable":true,"href":"https:\/\/moltomobila.md\/ro\/wp-json\/wp\/v2\/product_tag?post=80955"}],"curies":[{"name":"wp","href":"https:\/\/api.w.org\/{rel}","templated":true}]}}