{"id":81083,"date":"2024-04-25T11:46:53","date_gmt":"2024-04-25T09:46:53","guid":{"rendered":"https:\/\/mediumaquamarine-flamingo-502635.hostingersite.com\/?post_type=product&#038;p=81083"},"modified":"2026-03-22T16:05:48","modified_gmt":"2026-03-22T14:05:48","slug":"obedennyj-stul-dublin","status":"publish","type":"product","link":"https:\/\/moltomobila.md\/ro\/produs\/obedennyj-stul-dublin\/","title":{"rendered":"BRONKS scaun de luat masa"},"content":{"rendered":"<p>\u0414\u0438\u0437\u0430\u0439\u043d\u0435\u0440\u0441\u043a\u0438\u0439 \u0441\u0442\u0443\u043b BRONKS &#8212; \u043e\u0442\u043b\u0438\u0447\u043d\u044b\u0439 \u0432\u044b\u0431\u043e\u0440 \u0434\u043b\u044f \u0441\u0442\u0438\u043b\u044c\u043d\u043e\u0433\u043e \u0438\u043d\u0442\u0435\u0440\u044c\u0435\u0440\u0430. \u0412\u044b\u043f\u043e\u043b\u043d\u0435\u043d\u043d\u044b\u0439 \u0432 \u0441\u043e\u0432\u0440\u0435\u043c\u0435\u043d\u043d\u043e\u043c \u0441\u0442\u0438\u043b\u0435, \u043e\u043d \u0434\u043e\u0431\u0430\u0432\u0438\u0442 \u0443\u044e\u0442\u0430 \u0432 \u0412\u0430\u0448 \u0434\u043e\u043c.<br \/>\nScaunul ad\u00e2nc, scaunul c\u0103ptu\u0219it \u0219i sp\u0103tarul confortabil v\u0103 vor oferi confortul dorit.<br \/>\nCu designul s\u0103u discret, scaunele confortabile \u0219i construc\u021bia robust\u0103, se va potrivi perfect at\u00e2t \u00eentr-o camer\u0103 de zi confortabil\u0103, c\u00e2t \u0219i \u00eentr-o sal\u0103 de conferin\u021be.<\/p>\n<p>Pre\u021bul de pe site este pentru echipamentul standard \u0219i poate varia \u00een func\u021bie de dorin\u021bele individuale.<\/p>\n<p>Dimensiuni standard:<br \/>\n-L\u0103\u021bime general\u0103: 540 mm.<br \/>\n-L\u0103\u021bime de montare: 480 mm.<br \/>\n-Ad\u00e2ncime total\u0103: 560 mm.<br \/>\n-Ad\u00e2ncime de montare: 470 mm.<br \/>\n-\u00cen\u0103l\u021bime total\u0103: 830 mm.<br \/>\n-\u00cen\u0103l\u021bime de montare: 480 mm.<br \/>\n-\u00cen\u0103l\u021bimea de la podea la partea superioar\u0103 a cotierelor: 680 mm.<br \/>\n-\u00cen\u0103l\u021bimea de la scaun la partea superioar\u0103 a cotierelor: 190 mm.<br \/>\n-\u00cen\u0103l\u021bimea scaunului : 80 mm<\/p>\n<p>Cadru - lemn masiv de frasin de calitate superioar\u0103, placaj \u0219lefuit gros, lemn masiv de pin.<br \/>\nUmplutur\u0103 - spum\u0103 poliuretanic\u0103 de \u00eenalt\u0103 densitate foarte elastic\u0103 de grad HR, syntepon.<\/p>\n<p>Culoarea \u0219i materialul tapi\u021beriei pot fi selectate individual.<\/p>\n<p>________________________________________________________________<br \/>\nPentru toate detaliile comenzii dvs. (alegerea materialului, culoarea lemnului etc.), v\u0103 rug\u0103m s\u0103 face\u021bi o cerere pe site. V\u0103 vom contacta imediat pentru a clarifica detaliile. De asemenea, ne pute\u021bi contacta prin telefon, e-mail, Telegrem\/Viber \u0219i prin intermediul formularelor de contact de pe site.<\/p>","protected":false},"excerpt":{"rendered":"<p><strong><em>PRE\u021aUL ESTE PENTRU MODELUL STANDARD \u0218I POATE VARIA \u00ceN FUNC\u021aIE DE PREFERIN\u021aE\u00a0<\/em><\/strong><\/p>\n<p><em><strong>CULOAREA MATERIALELOR ESTE SELECTAT\u0102 INDIVIDUAL PENTRU FIECARE CLIENT <\/strong><\/em><\/p>","protected":false},"featured_media":81096,"template":"","meta":{"_themeisle_gutenberg_block_has_review":false},"product_brand":[],"product_cat":[124,189,505,188],"product_tag":[],"class_list":{"0":"post-81083","1":"product","2":"type-product","3":"status-publish","4":"has-post-thumbnail","6":"product_cat-stolovaya","7":"product_cat-obedennye-stulya","8":"product_cat-obedennye-stulya-derevo","9":"product_cat-stulya","11":"first","12":"instock","13":"shipping-taxable","14":"purchasable","15":"product-type-variable"},"_links":{"self":[{"href":"https:\/\/moltomobila.md\/ro\/wp-json\/wp\/v2\/product\/81083","targetHints":{"allow":["GET"]}}],"collection":[{"href":"https:\/\/moltomobila.md\/ro\/wp-json\/wp\/v2\/product"}],"about":[{"href":"https:\/\/moltomobila.md\/ro\/wp-json\/wp\/v2\/types\/product"}],"version-history":[{"count":2,"href":"https:\/\/moltomobila.md\/ro\/wp-json\/wp\/v2\/product\/81083\/revisions"}],"predecessor-version":[{"id":82926,"href":"https:\/\/moltomobila.md\/ro\/wp-json\/wp\/v2\/product\/81083\/revisions\/82926"}],"wp:featuredmedia":[{"embeddable":true,"href":"https:\/\/moltomobila.md\/ro\/wp-json\/wp\/v2\/media\/81096"}],"wp:attachment":[{"href":"https:\/\/moltomobila.md\/ro\/wp-json\/wp\/v2\/media?parent=81083"}],"wp:term":[{"taxonomy":"product_brand","embeddable":true,"href":"https:\/\/moltomobila.md\/ro\/wp-json\/wp\/v2\/product_brand?post=81083"},{"taxonomy":"product_cat","embeddable":true,"href":"https:\/\/moltomobila.md\/ro\/wp-json\/wp\/v2\/product_cat?post=81083"},{"taxonomy":"product_tag","embeddable":true,"href":"https:\/\/moltomobila.md\/ro\/wp-json\/wp\/v2\/product_tag?post=81083"}],"curies":[{"name":"wp","href":"https:\/\/api.w.org\/{rel}","templated":true}]}}