{"id":81351,"date":"2024-04-25T12:50:07","date_gmt":"2024-04-25T10:50:07","guid":{"rendered":"https:\/\/mediumaquamarine-flamingo-502635.hostingersite.com\/?post_type=product&#038;p=81351"},"modified":"2026-03-22T16:05:47","modified_gmt":"2026-03-22T14:05:47","slug":"obedennyj-stul-sydney","status":"publish","type":"product","link":"https:\/\/moltomobila.md\/ro\/produs\/obedennyj-stul-sydney\/","title":{"rendered":"Scaun de mas\u0103 JAZZ"},"content":{"rendered":"<p>\u0414\u0438\u0437\u0430\u0439\u043d\u0435\u0440\u0441\u043a\u0438\u0439 \u0441\u0442\u0443\u043b SYDNEY. \u042d\u0442\u0430 \u0440\u043e\u0441\u043a\u043e\u0448\u043d\u0430\u044f \u043c\u043e\u0434\u0435\u043b\u044c \u0443\u043a\u0440\u0430\u0441\u0438\u0442 \u043b\u044e\u0431\u043e\u0439 \u0438\u043d\u0442\u0435\u0440\u044c\u0435\u0440 \u0438 \u043f\u0440\u0438\u0434\u0430\u0441\u0442 \u0438\u0437\u044b\u0441\u043a\u0430\u043d\u043d\u043e\u0441\u0442\u0438 \u0438 \u044d\u043b\u0435\u0433\u0430\u043d\u0442\u043d\u043e\u0441\u0442\u0438 \u0432\u0430\u0448\u0435\u043c\u0443 \u0434\u043e\u043c\u0443.<br \/>\nCu designul s\u0103u discret, ajustarea confortabil\u0103 \u0219i construc\u021bia robust\u0103, se va potrivi perfect at\u00e2t \u00een cas\u0103, c\u00e2t \u0219i \u00een orice interior comercial.<\/p>\n<p>Pre\u021bul de pe site este pentru echipamentul standard \u0219i poate varia \u00een func\u021bie de dorin\u021bele individuale.<\/p>\n<p>Dimensiuni generale:<br \/>\n-\u0428\u0438\u0440\u0438\u043d\u0430 \u043e\u0431\u0449\u0430\u044f: 580<br \/>\n-\u0428\u0438\u0440\u0438\u043d\u0430 \u043f\u043e\u0441\u0430\u0434\u043a\u0438: 500<br \/>\n-\u0413\u043b\u0443\u0431\u0438\u043d\u0430 \u043e\u0431\u0449\u0430\u044f: 560<br \/>\n-\u0413\u043b\u0443\u0431\u0438\u043d\u0430 \u043f\u043e\u0441\u0430\u0434\u043a\u0438: 470<br \/>\n-\u0412\u044b\u0441\u043e\u0442\u0430 \u043e\u0431\u0449\u0430\u044f: 730<br \/>\n-\u0412\u044b\u0441\u043e\u0442\u0430 \u043f\u043e\u0441\u0430\u0434\u043a\u0438: 490<br \/>\n\u041d\u043e\u0436\u043a\u0438 \u043c\u0435\u0442\u0430\u043b\u043b.<br \/>\nGreutatea scaunului este de 9 kg.<\/p>\n<p>Culoarea \u0219i materialul tapi\u021beriei pot fi selectate individual.<\/p>\n<p>________________________________________________________________<br \/>\nPentru toate detaliile comenzii dvs. (alegerea materialului, culoarea lemnului etc.), v\u0103 rug\u0103m s\u0103 face\u021bi o cerere pe site. V\u0103 vom contacta imediat pentru a clarifica detaliile. De asemenea, ne pute\u021bi contacta prin telefon, e-mail, Telegrem\/Viber \u0219i prin intermediul formularelor de contact de pe site.<\/p>","protected":false},"excerpt":{"rendered":"<p><strong><em>PRE\u021aUL ESTE PENTRU MODELUL STANDARD \u0218I POATE VARIA \u00ceN FUNC\u021aIE DE PREFERIN\u021aE\u00a0<\/em><\/strong><\/p>\n<p><em><strong>CULOAREA MATERIALELOR ESTE SELECTAT\u0102 INDIVIDUAL PENTRU FIECARE CLIENT <\/strong><\/em><\/p>","protected":false},"featured_media":81355,"template":"","meta":{"_themeisle_gutenberg_block_has_review":false},"product_brand":[],"product_cat":[124,189,503,188],"product_tag":[],"class_list":{"0":"post-81351","1":"product","2":"type-product","3":"status-publish","4":"has-post-thumbnail","6":"product_cat-stolovaya","7":"product_cat-obedennye-stulya","8":"product_cat-obedennye-stulya-metal","9":"product_cat-stulya","11":"first","12":"instock","13":"shipping-taxable","14":"purchasable","15":"product-type-variable"},"_links":{"self":[{"href":"https:\/\/moltomobila.md\/ro\/wp-json\/wp\/v2\/product\/81351","targetHints":{"allow":["GET"]}}],"collection":[{"href":"https:\/\/moltomobila.md\/ro\/wp-json\/wp\/v2\/product"}],"about":[{"href":"https:\/\/moltomobila.md\/ro\/wp-json\/wp\/v2\/types\/product"}],"version-history":[{"count":2,"href":"https:\/\/moltomobila.md\/ro\/wp-json\/wp\/v2\/product\/81351\/revisions"}],"predecessor-version":[{"id":82870,"href":"https:\/\/moltomobila.md\/ro\/wp-json\/wp\/v2\/product\/81351\/revisions\/82870"}],"wp:featuredmedia":[{"embeddable":true,"href":"https:\/\/moltomobila.md\/ro\/wp-json\/wp\/v2\/media\/81355"}],"wp:attachment":[{"href":"https:\/\/moltomobila.md\/ro\/wp-json\/wp\/v2\/media?parent=81351"}],"wp:term":[{"taxonomy":"product_brand","embeddable":true,"href":"https:\/\/moltomobila.md\/ro\/wp-json\/wp\/v2\/product_brand?post=81351"},{"taxonomy":"product_cat","embeddable":true,"href":"https:\/\/moltomobila.md\/ro\/wp-json\/wp\/v2\/product_cat?post=81351"},{"taxonomy":"product_tag","embeddable":true,"href":"https:\/\/moltomobila.md\/ro\/wp-json\/wp\/v2\/product_tag?post=81351"}],"curies":[{"name":"wp","href":"https:\/\/api.w.org\/{rel}","templated":true}]}}