{"id":82272,"date":"2024-07-02T13:27:20","date_gmt":"2024-07-02T11:27:20","guid":{"rendered":"https:\/\/mediumaquamarine-flamingo-502635.hostingersite.com\/?post_type=product&#038;p=82272"},"modified":"2024-07-02T13:36:28","modified_gmt":"2024-07-02T11:36:28","slug":"podves-led-tube-black-base-1-5m","status":"publish","type":"product","link":"https:\/\/moltomobila.md\/ro\/produs\/podves-led-tube-black-base-1-5m\/","title":{"rendered":"PANDANTIV LED TUB NEGRU BAZ\u0102 1.5M"},"content":{"rendered":"<p>V\u0103 inspir\u0103 \u0219i este perfect pentru cas\u0103 \u0219i spa\u021biul de lucru. Este un pandantiv interesant datorit\u0103 designului s\u0103u elegant.<\/p>","protected":false},"excerpt":{"rendered":"<p>V\u0103 inspir\u0103 \u0219i este perfect pentru cas\u0103 \u0219i spa\u021biul de lucru. Este un pandantiv interesant datorit\u0103 designului s\u0103u elegant.<\/p>","protected":false},"featured_media":82281,"template":"","meta":{"_themeisle_gutenberg_block_has_review":false},"product_brand":[],"product_cat":[90,81,91],"product_tag":[],"class_list":{"0":"post-82272","1":"product","2":"type-product","3":"status-publish","4":"has-post-thumbnail","6":"product_cat-lyustry","7":"product_cat-osveshhenie","8":"product_cat-podvesy","10":"first","11":"instock","12":"shipping-taxable","13":"purchasable","14":"product-type-simple"},"_links":{"self":[{"href":"https:\/\/moltomobila.md\/ro\/wp-json\/wp\/v2\/product\/82272","targetHints":{"allow":["GET"]}}],"collection":[{"href":"https:\/\/moltomobila.md\/ro\/wp-json\/wp\/v2\/product"}],"about":[{"href":"https:\/\/moltomobila.md\/ro\/wp-json\/wp\/v2\/types\/product"}],"version-history":[{"count":1,"href":"https:\/\/moltomobila.md\/ro\/wp-json\/wp\/v2\/product\/82272\/revisions"}],"predecessor-version":[{"id":82293,"href":"https:\/\/moltomobila.md\/ro\/wp-json\/wp\/v2\/product\/82272\/revisions\/82293"}],"wp:featuredmedia":[{"embeddable":true,"href":"https:\/\/moltomobila.md\/ro\/wp-json\/wp\/v2\/media\/82281"}],"wp:attachment":[{"href":"https:\/\/moltomobila.md\/ro\/wp-json\/wp\/v2\/media?parent=82272"}],"wp:term":[{"taxonomy":"product_brand","embeddable":true,"href":"https:\/\/moltomobila.md\/ro\/wp-json\/wp\/v2\/product_brand?post=82272"},{"taxonomy":"product_cat","embeddable":true,"href":"https:\/\/moltomobila.md\/ro\/wp-json\/wp\/v2\/product_cat?post=82272"},{"taxonomy":"product_tag","embeddable":true,"href":"https:\/\/moltomobila.md\/ro\/wp-json\/wp\/v2\/product_tag?post=82272"}],"curies":[{"name":"wp","href":"https:\/\/api.w.org\/{rel}","templated":true}]}}