{"id":82579,"date":"2024-07-24T12:29:48","date_gmt":"2024-07-24T10:29:48","guid":{"rendered":"https:\/\/mediumaquamarine-flamingo-502635.hostingersite.com\/?post_type=product&#038;p=82579"},"modified":"2024-07-24T13:35:34","modified_gmt":"2024-07-24T11:35:34","slug":"divan-bounarroti","status":"publish","type":"product","link":"https:\/\/moltomobila.md\/ro\/produs\/divan-bounarroti\/","title":{"rendered":"Canapea BOUNARROTI"},"content":{"rendered":"<p data-sourcepos=\"3:1-3:79\"><strong>Un nor de confort: cufunda\u021bi-v\u0103 \u00een moliciunea noii dvs. canapele<\/strong><\/p>\n<p data-sourcepos=\"5:1-5:6\"><strong>Imagina\u021bi-v\u0103 un loc \u00een care pute\u021bi uita de toate grijile \u0219i v\u0103 pute\u021bi cufunda \u00eentr-o atmosfer\u0103 de relaxare senin\u0103. Un loc \u00een care fiecare mu\u0219chi din corpul t\u0103u se \u00eenmoaie \u0219i sufletul t\u0103u se umple de pace.<\/strong><\/p>","protected":false},"excerpt":{"rendered":"<p>\u041e\u0431\u043b\u0430\u043a\u043e \u043a\u043e\u043c\u0444\u043e\u0440\u0442\u0430: \u043f\u043e\u0433\u0440\u0443\u0437\u0438\u0442\u0435\u0441\u044c \u0432 \u043d\u0435\u0436\u043d\u043e\u0441\u0442\u044c \u0432\u0430\u0448\u0435\u0433\u043e \u043d\u043e\u0432\u043e\u0433\u043e \u0434\u0438\u0432\u0430\u043d\u0430 \u041f\u0440\u0435\u0434\u0441\u0442\u0430\u0432\u044c\u0442\u0435 \u0441\u0435\u0431\u0435 \u043c\u0435\u0441\u0442\u043e, \u0433\u0434\u0435 \u0432\u044b \u043c\u043e\u0436\u0435\u0442\u0435 \u0437\u0430\u0431\u044b\u0442\u044c \u043e\u0431\u043e \u0432\u0441\u0435\u0445 \u0437\u0430\u0431\u043e\u0442\u0430\u0445 \u0438 \u043e\u043a\u0443\u043d\u0443\u0442\u044c\u0441\u044f<\/p>","protected":false},"featured_media":82603,"template":"","meta":{"_themeisle_gutenberg_block_has_review":false},"product_brand":[],"product_cat":[125,183,180],"product_tag":[],"class_list":{"0":"post-82579","1":"product","2":"type-product","3":"status-publish","4":"has-post-thumbnail","6":"product_cat-gostinaya","7":"product_cat-divany","8":"product_cat-myagkaya-mebel","10":"first","11":"onbackorder","12":"shipping-taxable","13":"product-type-simple"},"_links":{"self":[{"href":"https:\/\/moltomobila.md\/ro\/wp-json\/wp\/v2\/product\/82579","targetHints":{"allow":["GET"]}}],"collection":[{"href":"https:\/\/moltomobila.md\/ro\/wp-json\/wp\/v2\/product"}],"about":[{"href":"https:\/\/moltomobila.md\/ro\/wp-json\/wp\/v2\/types\/product"}],"version-history":[{"count":1,"href":"https:\/\/moltomobila.md\/ro\/wp-json\/wp\/v2\/product\/82579\/revisions"}],"predecessor-version":[{"id":82607,"href":"https:\/\/moltomobila.md\/ro\/wp-json\/wp\/v2\/product\/82579\/revisions\/82607"}],"wp:featuredmedia":[{"embeddable":true,"href":"https:\/\/moltomobila.md\/ro\/wp-json\/wp\/v2\/media\/82603"}],"wp:attachment":[{"href":"https:\/\/moltomobila.md\/ro\/wp-json\/wp\/v2\/media?parent=82579"}],"wp:term":[{"taxonomy":"product_brand","embeddable":true,"href":"https:\/\/moltomobila.md\/ro\/wp-json\/wp\/v2\/product_brand?post=82579"},{"taxonomy":"product_cat","embeddable":true,"href":"https:\/\/moltomobila.md\/ro\/wp-json\/wp\/v2\/product_cat?post=82579"},{"taxonomy":"product_tag","embeddable":true,"href":"https:\/\/moltomobila.md\/ro\/wp-json\/wp\/v2\/product_tag?post=82579"}],"curies":[{"name":"wp","href":"https:\/\/api.w.org\/{rel}","templated":true}]}}