{"id":83634,"date":"2026-02-03T12:47:39","date_gmt":"2026-02-03T10:47:39","guid":{"rendered":"https:\/\/moltomobila.md\/?post_type=product&#038;p=83634"},"modified":"2026-03-22T16:05:47","modified_gmt":"2026-03-22T14:05:47","slug":"obedennyj-stul-bari-metal-new","status":"publish","type":"product","link":"https:\/\/moltomobila.md\/ro\/produs\/obedennyj-stul-bari-metal-new\/","title":{"rendered":"Scaun de mas\u0103 BARI metal NEW"},"content":{"rendered":"<p>Dimensiuni:<\/p>\n<p>L\u0103\u021bimea total\u0103 este de 500 mm.<br \/>\nAd\u00e2ncime total\u0103 - 540 mm<br \/>\n\u00cen\u0103l\u021bime total\u0103 - 840 mm<br \/>\nL\u0103\u021bimea de aterizare este de 480 mm.<br \/>\nAd\u00e2ncimea de plantare - 420 mm<br \/>\n\u00cen\u0103l\u021bimea de aterizare - 480 mm<\/p>\n<p>Culoarea \u0219i materialul tapi\u021beriei pot fi selectate individual.<\/p>\n<p>________________________________________________________________<br \/>\nPentru toate detaliile comenzii dvs. (alegerea materialului, culoarea lemnului etc.), v\u0103 rug\u0103m s\u0103 face\u021bi o cerere pe site. V\u0103 vom contacta imediat pentru a clarifica detaliile. De asemenea, ne pute\u021bi contacta prin telefon, e-mail, Telegrem\/Viber \u0219i prin intermediul formularelor de contact de pe site.<\/p>","protected":false},"excerpt":{"rendered":"<p><strong><em>PRE\u021aUL ESTE PENTRU MODELUL STANDARD \u0218I POATE VARIA \u00ceN FUNC\u021aIE DE PREFERIN\u021aE\u00a0<\/em><\/strong><\/p>\n<p><em><strong>CULOAREA MATERIALELOR ESTE SELECTAT\u0102 INDIVIDUAL PENTRU FIECARE CLIENT <\/strong><\/em><\/p>","protected":false},"featured_media":83638,"template":"","meta":{"_themeisle_gutenberg_block_has_review":false},"product_brand":[],"product_cat":[189,503,188],"product_tag":[],"class_list":{"0":"post-83634","1":"product","2":"type-product","3":"status-publish","4":"has-post-thumbnail","6":"product_cat-obedennye-stulya","7":"product_cat-obedennye-stulya-metal","8":"product_cat-stulya","10":"first","11":"instock","12":"shipping-taxable","13":"purchasable","14":"product-type-variable"},"_links":{"self":[{"href":"https:\/\/moltomobila.md\/ro\/wp-json\/wp\/v2\/product\/83634","targetHints":{"allow":["GET"]}}],"collection":[{"href":"https:\/\/moltomobila.md\/ro\/wp-json\/wp\/v2\/product"}],"about":[{"href":"https:\/\/moltomobila.md\/ro\/wp-json\/wp\/v2\/types\/product"}],"version-history":[{"count":1,"href":"https:\/\/moltomobila.md\/ro\/wp-json\/wp\/v2\/product\/83634\/revisions"}],"predecessor-version":[{"id":83643,"href":"https:\/\/moltomobila.md\/ro\/wp-json\/wp\/v2\/product\/83634\/revisions\/83643"}],"wp:featuredmedia":[{"embeddable":true,"href":"https:\/\/moltomobila.md\/ro\/wp-json\/wp\/v2\/media\/83638"}],"wp:attachment":[{"href":"https:\/\/moltomobila.md\/ro\/wp-json\/wp\/v2\/media?parent=83634"}],"wp:term":[{"taxonomy":"product_brand","embeddable":true,"href":"https:\/\/moltomobila.md\/ro\/wp-json\/wp\/v2\/product_brand?post=83634"},{"taxonomy":"product_cat","embeddable":true,"href":"https:\/\/moltomobila.md\/ro\/wp-json\/wp\/v2\/product_cat?post=83634"},{"taxonomy":"product_tag","embeddable":true,"href":"https:\/\/moltomobila.md\/ro\/wp-json\/wp\/v2\/product_tag?post=83634"}],"curies":[{"name":"wp","href":"https:\/\/api.w.org\/{rel}","templated":true}]}}