{"id":83883,"date":"2026-02-03T14:37:08","date_gmt":"2026-02-03T12:37:08","guid":{"rendered":"https:\/\/moltomobila.md\/?post_type=product&#038;p=83883"},"modified":"2026-03-22T16:05:47","modified_gmt":"2026-03-22T14:05:47","slug":"obedennyj-stul-davos-metall","status":"publish","type":"product","link":"https:\/\/moltomobila.md\/ro\/produs\/obedennyj-stul-davos-metall\/","title":{"rendered":"Davos metal scaun de luat masa"},"content":{"rendered":"<p>Scaunul metalic Davos este o solu\u021bie elegant\u0103 \u0219i modern\u0103 pentru buc\u0103t\u0103ria sau zona dvs. de luat masa. Datorit\u0103 construc\u021biei sale metalice robuste, acest scaun ofer\u0103 fiabilitate \u0219i durabilitate. Designul modern al scaunului se integreaz\u0103 \u00een orice interior, oferindu-i un accent elegant. Scaunul \u0219i sp\u0103tarul confortabile ofer\u0103 confort maxim \u00een timpul utiliz\u0103rii.<\/p>\n<p>Pute\u021bi alege materialul \u0219i culoarea scaunului dup\u0103 bunul dvs. plac, precum \u0219i profilul picioarelor. Pentru picioarele cu profil drept, este disponibil un mecanism de pivotare pentru un plus de confort \u0219i func\u021bionalitate. Scaunul metalic Davos este alegerea ideal\u0103 pentru cei care apreciaz\u0103 calitatea, stilul \u0219i confortul.<\/p>\n<p>Dimensiuni:<\/p>\n<p>L\u0103\u021bimea total\u0103 este de 550 mm.<br \/>\nAd\u00e2ncime total\u0103 - 540 mm<br \/>\n\u00cen\u0103l\u021bime total\u0103 - 840 mm<br \/>\nL\u0103\u021bimea de aterizare este de 420 mm.<br \/>\nAd\u00e2ncimea de plantare - 490 mm<br \/>\n\u00cen\u0103l\u021bimea de aterizare - 490 mm<\/p>\n<p>Culoarea \u0219i materialul tapi\u021beriei pot fi selectate individual.<\/p>\n<p>________________________________________________________________<br \/>\nPentru toate detaliile comenzii dvs. (alegerea materialului, culoarea lemnului etc.), v\u0103 rug\u0103m s\u0103 face\u021bi o cerere pe site. V\u0103 vom contacta imediat pentru a clarifica detaliile. De asemenea, ne pute\u021bi contacta prin telefon, e-mail, Telegrem\/Viber \u0219i prin intermediul formularelor de contact de pe site.<\/p>","protected":false},"excerpt":{"rendered":"<p><strong><em>PRE\u021aUL ESTE PENTRU MODELUL STANDARD \u0218I POATE VARIA \u00ceN FUNC\u021aIE DE PREFERIN\u021aE\u00a0<\/em><\/strong><\/p>\n<p><em><strong>CULOAREA MATERIALELOR ESTE SELECTAT\u0102 INDIVIDUAL PENTRU FIECARE CLIENT <\/strong><\/em><\/p>","protected":false},"featured_media":83886,"template":"","meta":{"_themeisle_gutenberg_block_has_review":false},"product_brand":[],"product_cat":[189,503,188],"product_tag":[],"class_list":{"0":"post-83883","1":"product","2":"type-product","3":"status-publish","4":"has-post-thumbnail","6":"product_cat-obedennye-stulya","7":"product_cat-obedennye-stulya-metal","8":"product_cat-stulya","10":"first","11":"instock","12":"shipping-taxable","13":"purchasable","14":"product-type-variable"},"_links":{"self":[{"href":"https:\/\/moltomobila.md\/ro\/wp-json\/wp\/v2\/product\/83883","targetHints":{"allow":["GET"]}}],"collection":[{"href":"https:\/\/moltomobila.md\/ro\/wp-json\/wp\/v2\/product"}],"about":[{"href":"https:\/\/moltomobila.md\/ro\/wp-json\/wp\/v2\/types\/product"}],"version-history":[{"count":1,"href":"https:\/\/moltomobila.md\/ro\/wp-json\/wp\/v2\/product\/83883\/revisions"}],"predecessor-version":[{"id":83891,"href":"https:\/\/moltomobila.md\/ro\/wp-json\/wp\/v2\/product\/83883\/revisions\/83891"}],"wp:featuredmedia":[{"embeddable":true,"href":"https:\/\/moltomobila.md\/ro\/wp-json\/wp\/v2\/media\/83886"}],"wp:attachment":[{"href":"https:\/\/moltomobila.md\/ro\/wp-json\/wp\/v2\/media?parent=83883"}],"wp:term":[{"taxonomy":"product_brand","embeddable":true,"href":"https:\/\/moltomobila.md\/ro\/wp-json\/wp\/v2\/product_brand?post=83883"},{"taxonomy":"product_cat","embeddable":true,"href":"https:\/\/moltomobila.md\/ro\/wp-json\/wp\/v2\/product_cat?post=83883"},{"taxonomy":"product_tag","embeddable":true,"href":"https:\/\/moltomobila.md\/ro\/wp-json\/wp\/v2\/product_tag?post=83883"}],"curies":[{"name":"wp","href":"https:\/\/api.w.org\/{rel}","templated":true}]}}