{"id":84036,"date":"2026-02-03T15:48:45","date_gmt":"2026-02-03T13:48:45","guid":{"rendered":"https:\/\/moltomobila.md\/?post_type=product&#038;p=84036"},"modified":"2026-02-04T13:30:08","modified_gmt":"2026-02-04T11:30:08","slug":"puf-praim","status":"publish","type":"product","link":"https:\/\/moltomobila.md\/ro\/produs\/puf-praim\/","title":{"rendered":"Pouffe Praim"},"content":{"rendered":"<p>\u0428\u0438\u0440\u0438\u043d\u0430 \u043e\u0431\u0449\u0430\u044f \u2013 800 \u043c\u043c<br \/>\n\u0413\u043b\u0443\u0431\u0438\u043d\u0430 \u043e\u0431\u0449\u0430\u044f \u2013 400 \u043c\u043c<br \/>\n\u0412\u044b\u0441\u043e\u0442\u0430 \u043e\u0431\u0449\u0430\u044f \u2013 450 \u043c\u043c<br \/>\n\u0428\u0438\u0440\u0438\u043d\u0430 \u043f\u043e\u0441\u0430\u0434\u043a\u0438 \u2013 760 \u043c\u043c.<br \/>\n\u0413\u043b\u0443\u0431\u0438\u043d\u0430 \u043f\u043e\u0441\u0430\u0434\u043a\u0438 \u2013 360 \u043c\u043c<br \/>\n\u00cen\u0103l\u021bimea de aterizare - 450 mm<\/p>\n<p>Culoarea \u0219i materialul tapi\u021beriei pot fi selectate individual.<\/p>\n<p>________________________________________________________________<br \/>\nPentru toate detaliile comenzii dvs. (alegerea materialului, culoarea lemnului etc.), v\u0103 rug\u0103m s\u0103 face\u021bi o cerere pe site. V\u0103 vom contacta imediat pentru a clarifica detaliile. De asemenea, ne pute\u021bi contacta prin telefon, e-mail, Telegrem\/Viber \u0219i prin intermediul formularelor de contact de pe site.<\/p>","protected":false},"excerpt":{"rendered":"<p><strong><em>PRE\u021aUL ESTE PENTRU MODELUL STANDARD \u0218I POATE VARIA \u00ceN FUNC\u021aIE DE PREFERIN\u021aE\u00a0<\/em><\/strong><\/p>\n<p><em><strong>CULOAREA MATERIALELOR ESTE SELECTAT\u0102 INDIVIDUAL PENTRU FIECARE CLIENT <\/strong><\/em><\/p>","protected":false},"featured_media":84043,"template":"","meta":{"_themeisle_gutenberg_block_has_review":false},"product_brand":[],"product_cat":[180,519],"product_tag":[],"class_list":{"0":"post-84036","1":"product","2":"type-product","3":"status-publish","4":"has-post-thumbnail","6":"product_cat-myagkaya-mebel","7":"product_cat-puf","9":"first","10":"instock","11":"shipping-taxable","12":"purchasable","13":"product-type-variable"},"_links":{"self":[{"href":"https:\/\/moltomobila.md\/ro\/wp-json\/wp\/v2\/product\/84036","targetHints":{"allow":["GET"]}}],"collection":[{"href":"https:\/\/moltomobila.md\/ro\/wp-json\/wp\/v2\/product"}],"about":[{"href":"https:\/\/moltomobila.md\/ro\/wp-json\/wp\/v2\/types\/product"}],"version-history":[{"count":1,"href":"https:\/\/moltomobila.md\/ro\/wp-json\/wp\/v2\/product\/84036\/revisions"}],"predecessor-version":[{"id":84044,"href":"https:\/\/moltomobila.md\/ro\/wp-json\/wp\/v2\/product\/84036\/revisions\/84044"}],"wp:featuredmedia":[{"embeddable":true,"href":"https:\/\/moltomobila.md\/ro\/wp-json\/wp\/v2\/media\/84043"}],"wp:attachment":[{"href":"https:\/\/moltomobila.md\/ro\/wp-json\/wp\/v2\/media?parent=84036"}],"wp:term":[{"taxonomy":"product_brand","embeddable":true,"href":"https:\/\/moltomobila.md\/ro\/wp-json\/wp\/v2\/product_brand?post=84036"},{"taxonomy":"product_cat","embeddable":true,"href":"https:\/\/moltomobila.md\/ro\/wp-json\/wp\/v2\/product_cat?post=84036"},{"taxonomy":"product_tag","embeddable":true,"href":"https:\/\/moltomobila.md\/ro\/wp-json\/wp\/v2\/product_tag?post=84036"}],"curies":[{"name":"wp","href":"https:\/\/api.w.org\/{rel}","templated":true}]}}