{"id":84124,"date":"2026-02-03T16:13:19","date_gmt":"2026-02-03T14:13:19","guid":{"rendered":"https:\/\/moltomobila.md\/?post_type=product&#038;p=84124"},"modified":"2026-02-03T18:47:50","modified_gmt":"2026-02-03T16:47:50","slug":"divan-norman","status":"publish","type":"product","link":"https:\/\/moltomobila.md\/ro\/produs\/divan-norman\/","title":{"rendered":"Canapea Norman"},"content":{"rendered":"<p>Dimensiuni:<\/p>\n<p>L\u0103\u021bime total\u0103: 850 mm.<br \/>\nAd\u00e2ncime total\u0103: 800 mm<br \/>\n\u00cen\u0103l\u021bime total\u0103: 740 mm<br \/>\nL\u0103\u021bimea de plantare: 660 mm.<br \/>\nAd\u00e2ncimea de plantare: 630 mm<br \/>\n\u00cen\u0103l\u021bimea de aterizare: 450 mm<\/p>\n<p>Culoarea \u0219i materialul tapi\u021beriei pot fi selectate individual.<\/p>\n<p>________________________________________________________________<br \/>\nPentru toate detaliile comenzii dvs. (alegerea materialului, culoarea lemnului etc.), v\u0103 rug\u0103m s\u0103 face\u021bi o cerere pe site. V\u0103 vom contacta imediat pentru a clarifica detaliile. De asemenea, ne pute\u021bi contacta prin telefon, e-mail, Telegrem\/Viber \u0219i prin intermediul formularelor de contact de pe site.<\/p>","protected":false},"excerpt":{"rendered":"<p><strong><em>PRE\u021aUL ESTE PENTRU MODELUL STANDARD \u0218I POATE VARIA \u00ceN FUNC\u021aIE DE PREFERIN\u021aE\u00a0<\/em><\/strong><\/p>\n<p><em><strong>CULOAREA MATERIALELOR ESTE SELECTAT\u0102 INDIVIDUAL PENTRU FIECARE CLIENT <\/strong><\/em><\/p>","protected":false},"featured_media":84127,"template":"","meta":{"_themeisle_gutenberg_block_has_review":false},"product_brand":[],"product_cat":[182,180],"product_tag":[],"class_list":{"0":"post-84124","1":"product","2":"type-product","3":"status-publish","4":"has-post-thumbnail","6":"product_cat-kresla","7":"product_cat-myagkaya-mebel","9":"first","10":"instock","11":"shipping-taxable","12":"purchasable","13":"product-type-variable"},"_links":{"self":[{"href":"https:\/\/moltomobila.md\/ro\/wp-json\/wp\/v2\/product\/84124","targetHints":{"allow":["GET"]}}],"collection":[{"href":"https:\/\/moltomobila.md\/ro\/wp-json\/wp\/v2\/product"}],"about":[{"href":"https:\/\/moltomobila.md\/ro\/wp-json\/wp\/v2\/types\/product"}],"version-history":[{"count":1,"href":"https:\/\/moltomobila.md\/ro\/wp-json\/wp\/v2\/product\/84124\/revisions"}],"predecessor-version":[{"id":84132,"href":"https:\/\/moltomobila.md\/ro\/wp-json\/wp\/v2\/product\/84124\/revisions\/84132"}],"wp:featuredmedia":[{"embeddable":true,"href":"https:\/\/moltomobila.md\/ro\/wp-json\/wp\/v2\/media\/84127"}],"wp:attachment":[{"href":"https:\/\/moltomobila.md\/ro\/wp-json\/wp\/v2\/media?parent=84124"}],"wp:term":[{"taxonomy":"product_brand","embeddable":true,"href":"https:\/\/moltomobila.md\/ro\/wp-json\/wp\/v2\/product_brand?post=84124"},{"taxonomy":"product_cat","embeddable":true,"href":"https:\/\/moltomobila.md\/ro\/wp-json\/wp\/v2\/product_cat?post=84124"},{"taxonomy":"product_tag","embeddable":true,"href":"https:\/\/moltomobila.md\/ro\/wp-json\/wp\/v2\/product_tag?post=84124"}],"curies":[{"name":"wp","href":"https:\/\/api.w.org\/{rel}","templated":true}]}}