{"id":84173,"date":"2026-02-03T16:45:14","date_gmt":"2026-02-03T14:45:14","guid":{"rendered":"https:\/\/moltomobila.md\/?post_type=product&#038;p=84173"},"modified":"2026-02-03T16:45:14","modified_gmt":"2026-02-03T14:45:14","slug":"kreslo-solaris","status":"publish","type":"product","link":"https:\/\/moltomobila.md\/ro\/produs\/kreslo-solaris\/","title":{"rendered":"Scaun Solaris"},"content":{"rendered":"<p>Dimensiuni:<\/p>\n<p>\u0428\u0438\u0440\u0438\u043d\u0430 \u043e\u0431\u0449\u0430\u044f: 1000 \u043c\u043c.<br \/>\n\u0413\u043b\u0443\u0431\u0438\u043d\u0430 \u043e\u0431\u0449\u0430\u044f: 1000 \u043c\u043c<br \/>\n\u0412\u044b\u0441\u043e\u0442\u0430 \u043e\u0431\u0449\u0430\u044f: 1030 \u043c\u043c<br \/>\n\u0428\u0438\u0440\u0438\u043d\u0430 \u043f\u043e\u0441\u0430\u0434\u043a\u0438: 600 \u043c\u043c.<br \/>\n\u0413\u043b\u0443\u0431\u0438\u043d\u0430 \u043f\u043e\u0441\u0430\u0434\u043a\u0438: 600 \u043c\u043c<br \/>\n\u0412\u044b\u0441\u043e\u0442\u0430 \u043f\u043e\u0441\u0430\u0434\u043a\u0438: 490 \u043c\u043c<\/p>\n<p>Culoarea \u0219i materialul tapi\u021beriei pot fi selectate individual.<\/p>\n<p>________________________________________________________________<br \/>\nPentru toate detaliile comenzii dvs. (alegerea materialului, culoarea lemnului etc.), v\u0103 rug\u0103m s\u0103 face\u021bi o cerere pe site. V\u0103 vom contacta imediat pentru a clarifica detaliile. De asemenea, ne pute\u021bi contacta prin telefon, e-mail, Telegrem\/Viber \u0219i prin intermediul formularelor de contact de pe site.<\/p>","protected":false},"excerpt":{"rendered":"<p><strong><em>PRE\u021aUL ESTE PENTRU MODELUL STANDARD \u0218I POATE VARIA \u00ceN FUNC\u021aIE DE PREFERIN\u021aE\u00a0<\/em><\/strong><\/p>\n<p><em><strong>CULOAREA MATERIALELOR ESTE SELECTAT\u0102 INDIVIDUAL PENTRU FIECARE CLIENT <\/strong><\/em><\/p>","protected":false},"featured_media":84177,"template":"","meta":{"_themeisle_gutenberg_block_has_review":false},"product_brand":[],"product_cat":[182,180],"product_tag":[],"class_list":{"0":"post-84173","1":"product","2":"type-product","3":"status-publish","4":"has-post-thumbnail","6":"product_cat-kresla","7":"product_cat-myagkaya-mebel","9":"first","10":"instock","11":"shipping-taxable","12":"purchasable","13":"product-type-variable"},"_links":{"self":[{"href":"https:\/\/moltomobila.md\/ro\/wp-json\/wp\/v2\/product\/84173","targetHints":{"allow":["GET"]}}],"collection":[{"href":"https:\/\/moltomobila.md\/ro\/wp-json\/wp\/v2\/product"}],"about":[{"href":"https:\/\/moltomobila.md\/ro\/wp-json\/wp\/v2\/types\/product"}],"version-history":[{"count":1,"href":"https:\/\/moltomobila.md\/ro\/wp-json\/wp\/v2\/product\/84173\/revisions"}],"predecessor-version":[{"id":84182,"href":"https:\/\/moltomobila.md\/ro\/wp-json\/wp\/v2\/product\/84173\/revisions\/84182"}],"wp:featuredmedia":[{"embeddable":true,"href":"https:\/\/moltomobila.md\/ro\/wp-json\/wp\/v2\/media\/84177"}],"wp:attachment":[{"href":"https:\/\/moltomobila.md\/ro\/wp-json\/wp\/v2\/media?parent=84173"}],"wp:term":[{"taxonomy":"product_brand","embeddable":true,"href":"https:\/\/moltomobila.md\/ro\/wp-json\/wp\/v2\/product_brand?post=84173"},{"taxonomy":"product_cat","embeddable":true,"href":"https:\/\/moltomobila.md\/ro\/wp-json\/wp\/v2\/product_cat?post=84173"},{"taxonomy":"product_tag","embeddable":true,"href":"https:\/\/moltomobila.md\/ro\/wp-json\/wp\/v2\/product_tag?post=84173"}],"curies":[{"name":"wp","href":"https:\/\/api.w.org\/{rel}","templated":true}]}}